{"id":94,"date":"2015-06-24T22:00:25","date_gmt":"2015-06-24T20:00:25","guid":{"rendered":"http:\/\/www.wordpress.jrk-altoetting.de\/wordpress\/?page_id=94"},"modified":"2018-05-14T15:35:31","modified_gmt":"2018-05-14T13:35:31","slug":"sonstiges","status":"publish","type":"page","link":"https:\/\/www.jrk-altoetting.de\/wordpress\/ausfluege\/sonstiges\/","title":{"rendered":"Sonstiges"},"content":{"rendered":"<h2>Gr\u00fcndung JRK Emmerting<\/h2>\n<p>Auch in Emmerting gibt es nun wieder eine Ortsgruppe des Jugendrotkreuzes. Zusammen mit der Freiwilligen Feuerwehr Emmerting bietet das Jugendrotkreuz seit 2017 Gruppenstunden f\u00fcr Kinder und Jugendliche im Feuerwehrhaus Emmerting an.<\/p>\n<h2>Leonore-von-Tucher-Preis 2017 f\u00fcr die Behindertenarbeit<\/h2>\n<p>Im Jahr 2017 durften wir uns \u00fcber den ersten Stifterinnenpreis der Leonore von Tucher<br \/>\nStiftung freuen. Das Jugendrotkreuz des Kreisverbandes Alt\u00f6tting erhielt diesen Preis f\u00fcr die Arbeit mit Behinderten, die vom j\u00e4hrlichen Fr\u00fchlingsfest \u00fcber das Zeltlager und den Bergausflug bis hin zur Weihnachtsfeier geht. Wir bedanken uns ganz herzlich f\u00fcr diese Auszeichnung!<\/p>\n<figure id=\"attachment_1541\" aria-describedby=\"caption-attachment-1541\" style=\"width: 254px\" class=\"wp-caption alignnone\"><a href=\"https:\/\/www.jrk-altoetting.de\/wordpress\/wp-content\/uploads\/2018\/05\/23905234_1461559663892624_2926803730468155584_n.jpg\"><img loading=\"lazy\" decoding=\"async\" class=\"wp-image-1541 size-medium\" src=\"https:\/\/www.jrk-altoetting.de\/wordpress\/wp-content\/uploads\/2018\/05\/23905234_1461559663892624_2926803730468155584_n-254x300.jpg\" alt=\"\" width=\"254\" height=\"300\" srcset=\"https:\/\/www.jrk-altoetting.de\/wordpress\/wp-content\/uploads\/2018\/05\/23905234_1461559663892624_2926803730468155584_n-254x300.jpg 254w, https:\/\/www.jrk-altoetting.de\/wordpress\/wp-content\/uploads\/2018\/05\/23905234_1461559663892624_2926803730468155584_n-624x738.jpg 624w, https:\/\/www.jrk-altoetting.de\/wordpress\/wp-content\/uploads\/2018\/05\/23905234_1461559663892624_2926803730468155584_n.jpg 650w\" sizes=\"auto, (max-width: 254px) 100vw, 254px\" \/><\/a><figcaption id=\"caption-attachment-1541\" class=\"wp-caption-text\">G\u00fcnther Kronwitter (links) und Andrea Hiebl (Mitte) bei der Preisverleihung mit Sonja Hieber (rechts)<\/figcaption><\/figure>\n<h2>Leiter der Jugendarbeit gibt sein Amt an die junge Generation ab<\/h2>\n<p>Januar 2014: Nach knapp 8 Jahren als Leiter der Jugendarbeit gibt Thomas Meier sein Amt an seinen bisherigen Stellvertreter Bernhard Mittermeier ab.<\/p>\n<p>Der neue Leiter der Jugendarbeit Bernhard Mittermeier freut sich auf seine neuen Aufgaben und die Zusammenarbeit im Kreisverband.<\/p>\n<h2>Neuwahlen 2013<\/h2>\n<p>Anfang 2013 fanden im Kreisverband Neuwahlen statt. Es wurden gew\u00e4hlt: Leiter der Jugendarbeit: Meier Thomas (More) Stellvertreter: Wagner Andreas und Bernhard Mittermeier<\/p>\n<p>F\u00fcr die langj\u00e4hrige Arbeit wurden geehrt:&nbsp;von links: Josef Jung (KGF), Stefan Killinger, Meier Thomas, G\u00fcnther Kronwitter<\/p>\n<h2>&nbsp;<\/h2>\n","protected":false},"excerpt":{"rendered":"<p>Gr\u00fcndung JRK Emmerting Auch in Emmerting gibt es nun wieder eine Ortsgruppe des Jugendrotkreuzes. Zusammen mit der Freiwilligen Feuerwehr Emmerting bietet das Jugendrotkreuz seit 2017 Gruppenstunden f\u00fcr Kinder und Jugendliche im Feuerwehrhaus Emmerting an. Leonore-von-Tucher-Preis 2017 f\u00fcr die Behindertenarbeit Im Jahr 2017 durften wir uns \u00fcber den ersten Stifterinnenpreis der Leonore von Tucher Stiftung freuen. &hellip; <\/p>\n<p class=\"link-more\"><a href=\"https:\/\/www.jrk-altoetting.de\/wordpress\/ausfluege\/sonstiges\/\" class=\"more-link\"><span class=\"screen-reader-text\">\u201eSonstiges\u201c <\/span>weiterlesen<\/a><\/p>\n","protected":false},"author":6,"featured_media":0,"parent":67,"menu_order":7,"comment_status":"closed","ping_status":"closed","template":"","meta":{"ngg_post_thumbnail":0,"footnotes":""},"class_list":["post-94","page","type-page","status-publish","hentry"],"_links":{"self":[{"href":"https:\/\/www.jrk-altoetting.de\/wordpress\/wp-json\/wp\/v2\/pages\/94","targetHints":{"allow":["GET"]}}],"collection":[{"href":"https:\/\/www.jrk-altoetting.de\/wordpress\/wp-json\/wp\/v2\/pages"}],"about":[{"href":"https:\/\/www.jrk-altoetting.de\/wordpress\/wp-json\/wp\/v2\/types\/page"}],"author":[{"embeddable":true,"href":"https:\/\/www.jrk-altoetting.de\/wordpress\/wp-json\/wp\/v2\/users\/6"}],"replies":[{"embeddable":true,"href":"https:\/\/www.jrk-altoetting.de\/wordpress\/wp-json\/wp\/v2\/comments?post=94"}],"version-history":[{"count":14,"href":"https:\/\/www.jrk-altoetting.de\/wordpress\/wp-json\/wp\/v2\/pages\/94\/revisions"}],"predecessor-version":[{"id":1543,"href":"https:\/\/www.jrk-altoetting.de\/wordpress\/wp-json\/wp\/v2\/pages\/94\/revisions\/1543"}],"up":[{"embeddable":true,"href":"https:\/\/www.jrk-altoetting.de\/wordpress\/wp-json\/wp\/v2\/pages\/67"}],"wp:attachment":[{"href":"https:\/\/www.jrk-altoetting.de\/wordpress\/wp-json\/wp\/v2\/media?parent=94"}],"curies":[{"name":"wp","href":"https:\/\/api.w.org\/{rel}","templated":true}]}}