{"id":69,"date":"2015-06-24T21:31:26","date_gmt":"2015-06-24T19:31:26","guid":{"rendered":"http:\/\/www.wordpress.jrk-altoetting.de\/wordpress\/?page_id=69"},"modified":"2024-10-13T12:54:14","modified_gmt":"2024-10-13T10:54:14","slug":"st-martin","status":"publish","type":"page","link":"https:\/\/www.jrk-altoetting.de\/wordpress\/ausfluege\/st-martin\/","title":{"rendered":"St. Martin"},"content":{"rendered":"<p>Seit nun 17 Jahren engagiert sich das JRK f\u00fcr sozial benachteiligte Menschen im Landkreis Alt\u00f6tting.<\/p>\n<p>Nach dem Vorbild des Hl. Sankt Martin teilen auch die Jugendrotkreuzler. In den Gruppenstunden werden Sachspenden der Mitglieder gesammelt. Zus\u00e4tzlich spenden jedes Jahr verschiedene Firmen f\u00fcr diese Aktion.<\/p>\n<p>Damit k\u00f6nnen die JRKler 500 Taschen f\u00fcr Erwachsene mit G\u00fctern des t\u00e4glichen Bedarfs und 230 Kinderpakete vorbereiten. Diese werden am 11. November in den f\u00fcnf Wohlfahrtsl\u00e4den des BRK Kreisverbandes als vorweihnachtliches Geschenk ausgegeben.<\/p>\n<h2>17. Sankt Martins Aktion 2024<\/h2>\n<h2>16. Sankt Martins Aktion 2023<\/h2>\n<h2>15. Sankt Martins Aktion 2022<\/h2>\n<h2>14. Sankt Martins Aktion 2021<\/h2>\n<h2>13. Sankt Martins Aktion 2020<\/h2>\n<h2>12. Sankt Martins Aktion 2019<\/h2>\n<p><a href=\"https:\/\/www.jrk-altoetting.de\/wordpress\/wp-content\/uploads\/2019\/11\/JRKKVAOE_20191105_200722-1.jpg\"><img loading=\"lazy\" decoding=\"async\" class=\"wp-image-1841 alignnone\" src=\"https:\/\/www.jrk-altoetting.de\/wordpress\/wp-content\/uploads\/2019\/11\/JRKKVAOE_20191105_200722-1-1024x681.jpg\" alt=\"\" width=\"274\" height=\"182\" srcset=\"https:\/\/www.jrk-altoetting.de\/wordpress\/wp-content\/uploads\/2019\/11\/JRKKVAOE_20191105_200722-1-1024x681.jpg 1024w, https:\/\/www.jrk-altoetting.de\/wordpress\/wp-content\/uploads\/2019\/11\/JRKKVAOE_20191105_200722-1-300x199.jpg 300w, https:\/\/www.jrk-altoetting.de\/wordpress\/wp-content\/uploads\/2019\/11\/JRKKVAOE_20191105_200722-1-768x510.jpg 768w, https:\/\/www.jrk-altoetting.de\/wordpress\/wp-content\/uploads\/2019\/11\/JRKKVAOE_20191105_200722-1-624x415.jpg 624w\" sizes=\"auto, (max-width: 274px) 100vw, 274px\" \/><\/a> &nbsp; &nbsp; &nbsp; <a href=\"https:\/\/www.jrk-altoetting.de\/wordpress\/wp-content\/uploads\/2019\/11\/JRKKVAOE_20191104_201021.jpg\"><img loading=\"lazy\" decoding=\"async\" class=\"alignnone  wp-image-1839\" src=\"https:\/\/www.jrk-altoetting.de\/wordpress\/wp-content\/uploads\/2019\/11\/JRKKVAOE_20191104_201021-1024x681.jpg\" alt=\"\" width=\"273\" height=\"182\" srcset=\"https:\/\/www.jrk-altoetting.de\/wordpress\/wp-content\/uploads\/2019\/11\/JRKKVAOE_20191104_201021-1024x681.jpg 1024w, https:\/\/www.jrk-altoetting.de\/wordpress\/wp-content\/uploads\/2019\/11\/JRKKVAOE_20191104_201021-300x199.jpg 300w, https:\/\/www.jrk-altoetting.de\/wordpress\/wp-content\/uploads\/2019\/11\/JRKKVAOE_20191104_201021-768x510.jpg 768w, https:\/\/www.jrk-altoetting.de\/wordpress\/wp-content\/uploads\/2019\/11\/JRKKVAOE_20191104_201021-624x415.jpg 624w\" sizes=\"auto, (max-width: 273px) 100vw, 273px\" \/> <\/a><\/p>\n<figure id=\"attachment_1843\" aria-describedby=\"caption-attachment-1843\" style=\"width: 571px\" class=\"wp-caption alignnone\"><a href=\"https:\/\/www.jrk-altoetting.de\/wordpress\/wp-content\/uploads\/2019\/11\/74788558_2801937849871250_2358740745554231296_o-1.jpg\"><img loading=\"lazy\" decoding=\"async\" class=\"wp-image-1843\" src=\"https:\/\/www.jrk-altoetting.de\/wordpress\/wp-content\/uploads\/2019\/11\/74788558_2801937849871250_2358740745554231296_o-1-1024x683.jpg\" alt=\"Start der Sankt Martins Aktion\" width=\"571\" height=\"381\" srcset=\"https:\/\/www.jrk-altoetting.de\/wordpress\/wp-content\/uploads\/2019\/11\/74788558_2801937849871250_2358740745554231296_o-1-1024x683.jpg 1024w, https:\/\/www.jrk-altoetting.de\/wordpress\/wp-content\/uploads\/2019\/11\/74788558_2801937849871250_2358740745554231296_o-1-300x200.jpg 300w, https:\/\/www.jrk-altoetting.de\/wordpress\/wp-content\/uploads\/2019\/11\/74788558_2801937849871250_2358740745554231296_o-1-768x512.jpg 768w, https:\/\/www.jrk-altoetting.de\/wordpress\/wp-content\/uploads\/2019\/11\/74788558_2801937849871250_2358740745554231296_o-1-624x416.jpg 624w, https:\/\/www.jrk-altoetting.de\/wordpress\/wp-content\/uploads\/2019\/11\/74788558_2801937849871250_2358740745554231296_o-1.jpg 1959w\" sizes=\"auto, (max-width: 571px) 100vw, 571px\" \/><\/a><figcaption id=\"caption-attachment-1843\" class=\"wp-caption-text\">Start der Aktion in Alt\u00f6tting (v.li.) Thomas &#8222;More&#8220; Meier (Initiator der Aktion \/ JRK), Bernhard Mittermeier ( Leiter der Jugendarbeit), Andrea Wiesmayer (Servicestelle Ehrenamt \/ JRK), Garchings B\u00fcrgermeister Christian Mende, Markus Putz ( Vorstandsvorsitzender der Sparkasse Alt\u00f6tting-M\u00fchldorf), Burgkirchen B\u00fcrgermeister Johann Kirchenbaues, BRK-Kreisvorsitzender und Alt\u00f6tting B\u00fcrgermeister Herber Hofauer, BRK-Direktor Josef Jung, Neu\u00f6ttings B\u00fcrgermeister Peter Hauender, Christian Braun (Marktbereichsleiter Sparkasse Alt\u00f6tting-M\u00fchldorf) und AWO-Kreisvorsitzender Helmut Hering.<\/figcaption><\/figure>\n<p>&nbsp;<\/p>\n<div class=\"content_links\">\n<div class=\"btn drk\">\n<div class=\"csc-textpic csc-textpic-intext-right\">\n<div class=\"content_mitte\">\n<div class=\"content_mitte_oben\">\n<h2 class=\"csc-textpic csc-textpic-intext-left-nowrap\">11. Sankt Martins Aktion 2018<\/h2>\n<p>&nbsp;<\/p>\n<p><img loading=\"lazy\" decoding=\"async\" class=\"alignnone size-full wp-image-1712\" src=\"https:\/\/www.jrk-altoetting.de\/wordpress\/wp-content\/uploads\/2019\/01\/45446739_2592405040786024_2259820162599354368_n.jpg\" alt=\"\" width=\"720\" height=\"960\" srcset=\"https:\/\/www.jrk-altoetting.de\/wordpress\/wp-content\/uploads\/2019\/01\/45446739_2592405040786024_2259820162599354368_n.jpg 720w, https:\/\/www.jrk-altoetting.de\/wordpress\/wp-content\/uploads\/2019\/01\/45446739_2592405040786024_2259820162599354368_n-225x300.jpg 225w, https:\/\/www.jrk-altoetting.de\/wordpress\/wp-content\/uploads\/2019\/01\/45446739_2592405040786024_2259820162599354368_n-624x832.jpg 624w\" sizes=\"auto, (max-width: 720px) 100vw, 720px\" \/> <img loading=\"lazy\" decoding=\"async\" class=\"alignnone size-full wp-image-1713\" src=\"https:\/\/www.jrk-altoetting.de\/wordpress\/wp-content\/uploads\/2019\/01\/45889270_2182743625124012_6488122453699592192_n.jpg\" alt=\"\" width=\"960\" height=\"640\" srcset=\"https:\/\/www.jrk-altoetting.de\/wordpress\/wp-content\/uploads\/2019\/01\/45889270_2182743625124012_6488122453699592192_n.jpg 960w, https:\/\/www.jrk-altoetting.de\/wordpress\/wp-content\/uploads\/2019\/01\/45889270_2182743625124012_6488122453699592192_n-300x200.jpg 300w, https:\/\/www.jrk-altoetting.de\/wordpress\/wp-content\/uploads\/2019\/01\/45889270_2182743625124012_6488122453699592192_n-768x512.jpg 768w, https:\/\/www.jrk-altoetting.de\/wordpress\/wp-content\/uploads\/2019\/01\/45889270_2182743625124012_6488122453699592192_n-624x416.jpg 624w\" sizes=\"auto, (max-width: 767px) 89vw, (max-width: 1000px) 54vw, (max-width: 1071px) 543px, 580px\" \/><\/p>\n<h2 class=\"csc-textpic csc-textpic-intext-left-nowrap\">10. Sankt Martins Aktion 2017<\/h2>\n<div>&nbsp;<\/div>\n<div class=\"csc-textpic csc-textpic-intext-left-nowrap\">\n<p><a href=\"https:\/\/www.jrk-altoetting.de\/wordpress\/wp-content\/uploads\/2018\/05\/2017_11_11_St_Martin_JRK_DSC_7466_PR.jpg\"><img loading=\"lazy\" decoding=\"async\" class=\"alignnone size-medium wp-image-1533\" src=\"https:\/\/www.jrk-altoetting.de\/wordpress\/wp-content\/uploads\/2018\/05\/2017_11_11_St_Martin_JRK_DSC_7466_PR-300x200.jpg\" alt=\"\" width=\"300\" height=\"200\" srcset=\"https:\/\/www.jrk-altoetting.de\/wordpress\/wp-content\/uploads\/2018\/05\/2017_11_11_St_Martin_JRK_DSC_7466_PR-300x200.jpg 300w, https:\/\/www.jrk-altoetting.de\/wordpress\/wp-content\/uploads\/2018\/05\/2017_11_11_St_Martin_JRK_DSC_7466_PR-768x513.jpg 768w, https:\/\/www.jrk-altoetting.de\/wordpress\/wp-content\/uploads\/2018\/05\/2017_11_11_St_Martin_JRK_DSC_7466_PR-1024x683.jpg 1024w, https:\/\/www.jrk-altoetting.de\/wordpress\/wp-content\/uploads\/2018\/05\/2017_11_11_St_Martin_JRK_DSC_7466_PR-624x416.jpg 624w\" sizes=\"auto, (max-width: 300px) 100vw, 300px\" \/><\/a>&nbsp;&nbsp;<a href=\"https:\/\/www.jrk-altoetting.de\/wordpress\/wp-content\/uploads\/2018\/05\/2017_11_11_St_Martin_JRK_DSC_7471_PR.jpg\"><img loading=\"lazy\" decoding=\"async\" class=\"alignnone size-medium wp-image-1534\" src=\"https:\/\/www.jrk-altoetting.de\/wordpress\/wp-content\/uploads\/2018\/05\/2017_11_11_St_Martin_JRK_DSC_7471_PR-300x200.jpg\" alt=\"\" width=\"300\" height=\"200\" srcset=\"https:\/\/www.jrk-altoetting.de\/wordpress\/wp-content\/uploads\/2018\/05\/2017_11_11_St_Martin_JRK_DSC_7471_PR-300x200.jpg 300w, https:\/\/www.jrk-altoetting.de\/wordpress\/wp-content\/uploads\/2018\/05\/2017_11_11_St_Martin_JRK_DSC_7471_PR-768x513.jpg 768w, https:\/\/www.jrk-altoetting.de\/wordpress\/wp-content\/uploads\/2018\/05\/2017_11_11_St_Martin_JRK_DSC_7471_PR-1024x683.jpg 1024w, https:\/\/www.jrk-altoetting.de\/wordpress\/wp-content\/uploads\/2018\/05\/2017_11_11_St_Martin_JRK_DSC_7471_PR-624x416.jpg 624w\" sizes=\"auto, (max-width: 300px) 100vw, 300px\" \/><\/a>&nbsp;<a href=\"https:\/\/www.jrk-altoetting.de\/wordpress\/wp-content\/uploads\/2018\/05\/2017_11_11_St_Martin_JRK_DSC_7479_PR.jpg\"><img loading=\"lazy\" decoding=\"async\" class=\"alignnone wp-image-1535\" src=\"https:\/\/www.jrk-altoetting.de\/wordpress\/wp-content\/uploads\/2018\/05\/2017_11_11_St_Martin_JRK_DSC_7479_PR-1024x683.jpg\" alt=\"\" width=\"608\" height=\"406\" srcset=\"https:\/\/www.jrk-altoetting.de\/wordpress\/wp-content\/uploads\/2018\/05\/2017_11_11_St_Martin_JRK_DSC_7479_PR-1024x683.jpg 1024w, https:\/\/www.jrk-altoetting.de\/wordpress\/wp-content\/uploads\/2018\/05\/2017_11_11_St_Martin_JRK_DSC_7479_PR-300x200.jpg 300w, https:\/\/www.jrk-altoetting.de\/wordpress\/wp-content\/uploads\/2018\/05\/2017_11_11_St_Martin_JRK_DSC_7479_PR-768x513.jpg 768w, https:\/\/www.jrk-altoetting.de\/wordpress\/wp-content\/uploads\/2018\/05\/2017_11_11_St_Martin_JRK_DSC_7479_PR-624x416.jpg 624w\" sizes=\"auto, (max-width: 608px) 100vw, 608px\" \/><\/a><\/p>\n<h2>09. Sankt Martins Aktion 2016<\/h2>\n<figure id=\"attachment_1076\" aria-describedby=\"caption-attachment-1076\" style=\"width: 265px\" class=\"wp-caption alignleft\"><a href=\"https:\/\/www.jrk-altoetting.de\/wordpress\/wp-content\/uploads\/2015\/06\/Sankt-Martin-2016.jpg\"><img loading=\"lazy\" decoding=\"async\" class=\"wp-image-1076 \" src=\"https:\/\/www.jrk-altoetting.de\/wordpress\/wp-content\/uploads\/2015\/06\/Sankt-Martin-2016-300x225.jpg\" width=\"265\" height=\"199\" srcset=\"https:\/\/www.jrk-altoetting.de\/wordpress\/wp-content\/uploads\/2015\/06\/Sankt-Martin-2016-300x225.jpg 300w, https:\/\/www.jrk-altoetting.de\/wordpress\/wp-content\/uploads\/2015\/06\/Sankt-Martin-2016-768x576.jpg 768w, https:\/\/www.jrk-altoetting.de\/wordpress\/wp-content\/uploads\/2015\/06\/Sankt-Martin-2016-624x468.jpg 624w, https:\/\/www.jrk-altoetting.de\/wordpress\/wp-content\/uploads\/2015\/06\/Sankt-Martin-2016.jpg 960w\" sizes=\"auto, (max-width: 265px) 100vw, 265px\" \/><\/a><figcaption id=\"caption-attachment-1076\" class=\"wp-caption-text\">Die Garchinger Helfer im Wohlfahrtsladen<\/figcaption><\/figure>\n<figure id=\"attachment_1078\" aria-describedby=\"caption-attachment-1078\" style=\"width: 300px\" class=\"wp-caption alignright\"><a href=\"https:\/\/www.jrk-altoetting.de\/wordpress\/wp-content\/uploads\/2015\/06\/Sankt-Martin-2016_2.jpg\"><img loading=\"lazy\" decoding=\"async\" class=\"wp-image-1078 size-medium\" src=\"https:\/\/www.jrk-altoetting.de\/wordpress\/wp-content\/uploads\/2015\/06\/Sankt-Martin-2016_2-300x200.jpg\" width=\"300\" height=\"200\" srcset=\"https:\/\/www.jrk-altoetting.de\/wordpress\/wp-content\/uploads\/2015\/06\/Sankt-Martin-2016_2-300x200.jpg 300w, https:\/\/www.jrk-altoetting.de\/wordpress\/wp-content\/uploads\/2015\/06\/Sankt-Martin-2016_2-768x512.jpg 768w, https:\/\/www.jrk-altoetting.de\/wordpress\/wp-content\/uploads\/2015\/06\/Sankt-Martin-2016_2-624x416.jpg 624w, https:\/\/www.jrk-altoetting.de\/wordpress\/wp-content\/uploads\/2015\/06\/Sankt-Martin-2016_2.jpg 960w\" sizes=\"auto, (max-width: 300px) 100vw, 300px\" \/><\/a><figcaption id=\"caption-attachment-1078\" class=\"wp-caption-text\">Inhalt der P\u00e4ckchen im Jahr 2016<\/figcaption><\/figure>\n<figure id=\"attachment_1077\" aria-describedby=\"caption-attachment-1077\" style=\"width: 324px\" class=\"wp-caption alignleft\"><a href=\"https:\/\/www.jrk-altoetting.de\/wordpress\/wp-content\/uploads\/2015\/06\/Sankt-Martin-2016_1.jpg\"><img loading=\"lazy\" decoding=\"async\" class=\" wp-image-1077\" src=\"https:\/\/www.jrk-altoetting.de\/wordpress\/wp-content\/uploads\/2015\/06\/Sankt-Martin-2016_1-300x200.jpg\" alt=\"\" width=\"324\" height=\"216\" srcset=\"https:\/\/www.jrk-altoetting.de\/wordpress\/wp-content\/uploads\/2015\/06\/Sankt-Martin-2016_1-300x200.jpg 300w, https:\/\/www.jrk-altoetting.de\/wordpress\/wp-content\/uploads\/2015\/06\/Sankt-Martin-2016_1-768x512.jpg 768w, https:\/\/www.jrk-altoetting.de\/wordpress\/wp-content\/uploads\/2015\/06\/Sankt-Martin-2016_1-624x416.jpg 624w, https:\/\/www.jrk-altoetting.de\/wordpress\/wp-content\/uploads\/2015\/06\/Sankt-Martin-2016_1.jpg 960w\" sizes=\"auto, (max-width: 324px) 100vw, 324px\" \/><\/a><figcaption id=\"caption-attachment-1077\" class=\"wp-caption-text\">Ohne die zahlreichen Spenden w\u00e4re diese Aktion nicht m\u00f6glich<\/figcaption><\/figure>\n<h2>08. Sankt Martins Aktion 2015<\/h2>\n<figure id=\"attachment_693\" aria-describedby=\"caption-attachment-693\" style=\"width: 300px\" class=\"wp-caption alignleft\"><a href=\"https:\/\/www.jrk-altoetting.de\/wordpress\/wp-content\/uploads\/2015\/11\/P1060333.jpg\"><img loading=\"lazy\" decoding=\"async\" class=\"size-medium wp-image-693\" src=\"https:\/\/www.jrk-altoetting.de\/wordpress\/wp-content\/uploads\/2015\/11\/P1060333-300x225.jpg\" alt=\"Die gro\u00dfen Spender von 2015\" width=\"300\" height=\"225\" srcset=\"https:\/\/www.jrk-altoetting.de\/wordpress\/wp-content\/uploads\/2015\/11\/P1060333-300x225.jpg 300w, https:\/\/www.jrk-altoetting.de\/wordpress\/wp-content\/uploads\/2015\/11\/P1060333-1024x768.jpg 1024w, https:\/\/www.jrk-altoetting.de\/wordpress\/wp-content\/uploads\/2015\/11\/P1060333-624x468.jpg 624w\" sizes=\"auto, (max-width: 300px) 100vw, 300px\" \/><\/a><figcaption id=\"caption-attachment-693\" class=\"wp-caption-text\">Die gro\u00dfen Spender von 2015<\/figcaption><\/figure>\n<figure id=\"attachment_694\" aria-describedby=\"caption-attachment-694\" style=\"width: 225px\" class=\"wp-caption alignright\"><a href=\"https:\/\/www.jrk-altoetting.de\/wordpress\/wp-content\/uploads\/2015\/11\/P1060336.jpg\"><img loading=\"lazy\" decoding=\"async\" class=\"wp-image-694 size-medium\" src=\"https:\/\/www.jrk-altoetting.de\/wordpress\/wp-content\/uploads\/2015\/11\/P1060336-e1447479346833-225x300.jpg\" alt=\"Die Kinder freuen sich\" width=\"225\" height=\"300\" srcset=\"https:\/\/www.jrk-altoetting.de\/wordpress\/wp-content\/uploads\/2015\/11\/P1060336-e1447479346833-225x300.jpg 225w, https:\/\/www.jrk-altoetting.de\/wordpress\/wp-content\/uploads\/2015\/11\/P1060336-e1447479346833-768x1024.jpg 768w, https:\/\/www.jrk-altoetting.de\/wordpress\/wp-content\/uploads\/2015\/11\/P1060336-e1447479346833-624x832.jpg 624w\" sizes=\"auto, (max-width: 225px) 100vw, 225px\" \/><\/a><figcaption id=\"caption-attachment-694\" class=\"wp-caption-text\">Die Kinder freuen sich<\/figcaption><\/figure>\n<p><img loading=\"lazy\" decoding=\"async\" class=\"wp-image-476 alignleft\" src=\"http:\/\/www.wordpress.jrk-altoetting.de\/wordpress\/wp-content\/uploads\/2015\/06\/IMG_4554-225x300.jpg\" alt=\"IMG_4554\" width=\"172\" height=\"229\" srcset=\"https:\/\/www.jrk-altoetting.de\/wordpress\/wp-content\/uploads\/2015\/06\/IMG_4554-225x300.jpg 225w, https:\/\/www.jrk-altoetting.de\/wordpress\/wp-content\/uploads\/2015\/06\/IMG_4554-e1440346369710-113x150.jpg 113w, https:\/\/www.jrk-altoetting.de\/wordpress\/wp-content\/uploads\/2015\/06\/IMG_4554.jpg 480w\" sizes=\"auto, (max-width: 172px) 100vw, 172px\" \/><\/p>\n<p>&nbsp;<\/p>\n<h2>07. Sankt Martins Aktion 2014<\/h2>\n<p><a href=\"http:\/\/www.wordpress.jrk-altoetting.de\/wordpress\/wp-content\/uploads\/2015\/06\/IMG_3776.jpg\"><img loading=\"lazy\" decoding=\"async\" class=\"alignnone size-medium wp-image-473\" src=\"http:\/\/www.wordpress.jrk-altoetting.de\/wordpress\/wp-content\/uploads\/2015\/06\/IMG_3776-300x200.jpg\" alt=\"IMG_3776\" width=\"300\" height=\"200\" srcset=\"https:\/\/www.jrk-altoetting.de\/wordpress\/wp-content\/uploads\/2015\/06\/IMG_3776-300x200.jpg 300w, https:\/\/www.jrk-altoetting.de\/wordpress\/wp-content\/uploads\/2015\/06\/IMG_3776-624x416.jpg 624w, https:\/\/www.jrk-altoetting.de\/wordpress\/wp-content\/uploads\/2015\/06\/IMG_3776.jpg 800w\" sizes=\"auto, (max-width: 300px) 100vw, 300px\" \/><\/a> <img loading=\"lazy\" decoding=\"async\" class=\"alignnone size-medium wp-image-474\" src=\"http:\/\/www.wordpress.jrk-altoetting.de\/wordpress\/wp-content\/uploads\/2015\/06\/IMG_4007-300x200.jpg\" alt=\"IMG_4007\" width=\"300\" height=\"200\" srcset=\"https:\/\/www.jrk-altoetting.de\/wordpress\/wp-content\/uploads\/2015\/06\/IMG_4007-300x200.jpg 300w, https:\/\/www.jrk-altoetting.de\/wordpress\/wp-content\/uploads\/2015\/06\/IMG_4007-624x416.jpg 624w, https:\/\/www.jrk-altoetting.de\/wordpress\/wp-content\/uploads\/2015\/06\/IMG_4007.jpg 800w\" sizes=\"auto, (max-width: 300px) 100vw, 300px\" \/><br \/>\n<em>Alle Ortsgruppen helfen bei der Aktion mit<\/em><\/p>\n<figure id=\"attachment_475\" aria-describedby=\"caption-attachment-475\" style=\"width: 300px\" class=\"wp-caption alignleft\"><a href=\"http:\/\/www.wordpress.jrk-altoetting.de\/wordpress\/wp-content\/uploads\/2015\/06\/IMG_4404.jpg\"><img loading=\"lazy\" decoding=\"async\" class=\"wp-image-475 size-medium\" src=\"http:\/\/www.wordpress.jrk-altoetting.de\/wordpress\/wp-content\/uploads\/2015\/06\/IMG_4404-300x169.jpg\" alt=\"IMG_4404\" width=\"300\" height=\"169\" srcset=\"https:\/\/www.jrk-altoetting.de\/wordpress\/wp-content\/uploads\/2015\/06\/IMG_4404-300x169.jpg 300w, https:\/\/www.jrk-altoetting.de\/wordpress\/wp-content\/uploads\/2015\/06\/IMG_4404-1024x576.jpg 1024w, https:\/\/www.jrk-altoetting.de\/wordpress\/wp-content\/uploads\/2015\/06\/IMG_4404-624x351.jpg 624w, https:\/\/www.jrk-altoetting.de\/wordpress\/wp-content\/uploads\/2015\/06\/IMG_4404.jpg 1032w\" sizes=\"auto, (max-width: 300px) 100vw, 300px\" \/><\/a><figcaption id=\"caption-attachment-475\" class=\"wp-caption-text\"><em>Da wird Einkaufen zum Erlebnis&#8230;<\/em><\/figcaption><\/figure>\n<p>&nbsp;<\/p>\n<\/div>\n<\/div>\n<\/div>\n<\/div>\n<\/div>\n<\/div>\n","protected":false},"excerpt":{"rendered":"<p>Seit nun 17 Jahren engagiert sich das JRK f\u00fcr sozial benachteiligte Menschen im Landkreis Alt\u00f6tting. Nach dem Vorbild des Hl. Sankt Martin teilen auch die Jugendrotkreuzler. In den Gruppenstunden werden Sachspenden der Mitglieder gesammelt. Zus\u00e4tzlich spenden jedes Jahr verschiedene Firmen f\u00fcr diese Aktion. Damit k\u00f6nnen die JRKler 500 Taschen f\u00fcr Erwachsene mit G\u00fctern des t\u00e4glichen &hellip; <\/p>\n<p class=\"link-more\"><a href=\"https:\/\/www.jrk-altoetting.de\/wordpress\/ausfluege\/st-martin\/\" class=\"more-link\"><span class=\"screen-reader-text\">\u201eSt. Martin\u201c <\/span>weiterlesen<\/a><\/p>\n","protected":false},"author":6,"featured_media":0,"parent":67,"menu_order":1,"comment_status":"closed","ping_status":"closed","template":"","meta":{"ngg_post_thumbnail":0,"footnotes":""},"class_list":["post-69","page","type-page","status-publish","hentry"],"_links":{"self":[{"href":"https:\/\/www.jrk-altoetting.de\/wordpress\/wp-json\/wp\/v2\/pages\/69","targetHints":{"allow":["GET"]}}],"collection":[{"href":"https:\/\/www.jrk-altoetting.de\/wordpress\/wp-json\/wp\/v2\/pages"}],"about":[{"href":"https:\/\/www.jrk-altoetting.de\/wordpress\/wp-json\/wp\/v2\/types\/page"}],"author":[{"embeddable":true,"href":"https:\/\/www.jrk-altoetting.de\/wordpress\/wp-json\/wp\/v2\/users\/6"}],"replies":[{"embeddable":true,"href":"https:\/\/www.jrk-altoetting.de\/wordpress\/wp-json\/wp\/v2\/comments?post=69"}],"version-history":[{"count":37,"href":"https:\/\/www.jrk-altoetting.de\/wordpress\/wp-json\/wp\/v2\/pages\/69\/revisions"}],"predecessor-version":[{"id":3081,"href":"https:\/\/www.jrk-altoetting.de\/wordpress\/wp-json\/wp\/v2\/pages\/69\/revisions\/3081"}],"up":[{"embeddable":true,"href":"https:\/\/www.jrk-altoetting.de\/wordpress\/wp-json\/wp\/v2\/pages\/67"}],"wp:attachment":[{"href":"https:\/\/www.jrk-altoetting.de\/wordpress\/wp-json\/wp\/v2\/media?parent=69"}],"curies":[{"name":"wp","href":"https:\/\/api.w.org\/{rel}","templated":true}]}}