{"id":387,"date":"2015-08-03T11:09:55","date_gmt":"2015-08-03T09:09:55","guid":{"rendered":"http:\/\/www.wordpress.jrk-altoetting.de\/wordpress\/?page_id=387"},"modified":"2021-08-30T22:16:47","modified_gmt":"2021-08-30T20:16:47","slug":"kreisverbands-zeltlager","status":"publish","type":"page","link":"https:\/\/www.jrk-altoetting.de\/wordpress\/ausfluege\/kreisverbands-zeltlager\/","title":{"rendered":"Kreisverbands-Zeltlager"},"content":{"rendered":"<p>Unser Kreisverbands-Zeltlager findet alle 2 Jahre\u00a0f\u00fcr die<br \/>\nMitglieder des JRK aus dem KV Alt\u00f6tting statt.<\/p>\n<p>Im Jahr 2012 haben wir unser Lager zum ersten mal<br \/>\n&#8211; nach\u00a0vielen Jahren am Berghamer Badesee &#8211; in Ampfing<br \/>\nan der Gr\u00fcnen Lagune\u00a0aufgeschlagen.<\/p>\n<h2>Ratzfatz-Zeltlager-Spieletag 2021<\/h2>\n<p>Zum zweiten Mal musste das Zeltlager des Jugendrotkreuzes im Kreisverband Alt\u00f6tting coronabedingt abgesagt werden. Stattdessen wurde an einem Samstag eine Schnitzeljagd durch Alt\u00f6tting gestaltet, an der die Mitglieder des Jugendrotkreuzes rege teilnahmen.<\/p>\n<p>Neben Geschicklichkeitsspielen und kreativen Aufgaben kamen auch Teamarbeit und Themen des Roten Kreuzes nicht zu kurz. Egal ob Lieder gurgeln, Quizr\u00e4tseln oder Puzzleteile erklettern, alle Teilnehmer hatten an den unterschiedlichen Stationen viel Spa\u00df. Zu den Highlights z\u00e4hlten die Klassiker eines Zeltlagers. So konnte jeder sein eigenes Stockbrot am Lagerfeuer backen sowie Feldbetten auf- und abbauen. Auch ein Wimpel, f\u00fcr welchen jede Gruppe ihr eigenes Motiv gestalten konnte, durfte nicht fehlen.<\/p>\n<p><img loading=\"lazy\" decoding=\"async\" class=\"wp-image-2414 size-large\" src=\"https:\/\/www.jrk-altoetting.de\/wordpress\/wp-content\/uploads\/2021\/08\/IMG_2393-1024x682.jpg\" alt=\"\" width=\"525\" height=\"350\" srcset=\"https:\/\/www.jrk-altoetting.de\/wordpress\/wp-content\/uploads\/2021\/08\/IMG_2393-1024x682.jpg 1024w, https:\/\/www.jrk-altoetting.de\/wordpress\/wp-content\/uploads\/2021\/08\/IMG_2393-300x200.jpg 300w, https:\/\/www.jrk-altoetting.de\/wordpress\/wp-content\/uploads\/2021\/08\/IMG_2393-768x512.jpg 768w, https:\/\/www.jrk-altoetting.de\/wordpress\/wp-content\/uploads\/2021\/08\/IMG_2393-1536x1024.jpg 1536w, https:\/\/www.jrk-altoetting.de\/wordpress\/wp-content\/uploads\/2021\/08\/IMG_2393-2048x1365.jpg 2048w\" sizes=\"auto, (max-width: 525px) 100vw, 525px\" \/><\/p>\n<p><img loading=\"lazy\" decoding=\"async\" class=\"wp-image-2419 size-large alignnone\" src=\"https:\/\/www.jrk-altoetting.de\/wordpress\/wp-content\/uploads\/2021\/08\/IMG_24054-1024x682.jpg\" alt=\"\" width=\"525\" height=\"350\" srcset=\"https:\/\/www.jrk-altoetting.de\/wordpress\/wp-content\/uploads\/2021\/08\/IMG_24054-1024x682.jpg 1024w, https:\/\/www.jrk-altoetting.de\/wordpress\/wp-content\/uploads\/2021\/08\/IMG_24054-300x200.jpg 300w, https:\/\/www.jrk-altoetting.de\/wordpress\/wp-content\/uploads\/2021\/08\/IMG_24054-768x512.jpg 768w, https:\/\/www.jrk-altoetting.de\/wordpress\/wp-content\/uploads\/2021\/08\/IMG_24054-1536x1024.jpg 1536w, https:\/\/www.jrk-altoetting.de\/wordpress\/wp-content\/uploads\/2021\/08\/IMG_24054-2048x1365.jpg 2048w\" sizes=\"auto, (max-width: 525px) 100vw, 525px\" \/><\/p>\n<p><strong>Zeltlager 2018<\/strong><\/p>\n<p>Im Jahr 2018 stand das KV-Zeltlager unter dem Motto &#8222;Kulturen und Weltwunder&#8220;. Die rund 70 Teilnehmenden konnten sich an sechs Tagen auf die Spuren der Kultur in verschiedenen L\u00e4ndern und Kontinenten machen.<\/p>\n<p><img loading=\"lazy\" decoding=\"async\" class=\"alignnone size-full wp-image-1715\" src=\"https:\/\/www.jrk-altoetting.de\/wordpress\/wp-content\/uploads\/2019\/01\/39217458_2434651776561352_1194960906493100032_n.jpg\" alt=\"\" width=\"960\" height=\"638\" srcset=\"https:\/\/www.jrk-altoetting.de\/wordpress\/wp-content\/uploads\/2019\/01\/39217458_2434651776561352_1194960906493100032_n.jpg 960w, https:\/\/www.jrk-altoetting.de\/wordpress\/wp-content\/uploads\/2019\/01\/39217458_2434651776561352_1194960906493100032_n-300x199.jpg 300w, https:\/\/www.jrk-altoetting.de\/wordpress\/wp-content\/uploads\/2019\/01\/39217458_2434651776561352_1194960906493100032_n-768x510.jpg 768w, https:\/\/www.jrk-altoetting.de\/wordpress\/wp-content\/uploads\/2019\/01\/39217458_2434651776561352_1194960906493100032_n-624x415.jpg 624w\" sizes=\"auto, (max-width: 767px) 89vw, (max-width: 1000px) 54vw, (max-width: 1071px) 543px, 580px\" \/> <img loading=\"lazy\" decoding=\"async\" class=\"alignnone size-full wp-image-1716\" src=\"https:\/\/www.jrk-altoetting.de\/wordpress\/wp-content\/uploads\/2019\/01\/39239717_2434651793228017_5959014175396069376_n.jpg\" alt=\"\" width=\"960\" height=\"638\" srcset=\"https:\/\/www.jrk-altoetting.de\/wordpress\/wp-content\/uploads\/2019\/01\/39239717_2434651793228017_5959014175396069376_n.jpg 960w, https:\/\/www.jrk-altoetting.de\/wordpress\/wp-content\/uploads\/2019\/01\/39239717_2434651793228017_5959014175396069376_n-300x199.jpg 300w, https:\/\/www.jrk-altoetting.de\/wordpress\/wp-content\/uploads\/2019\/01\/39239717_2434651793228017_5959014175396069376_n-768x510.jpg 768w, https:\/\/www.jrk-altoetting.de\/wordpress\/wp-content\/uploads\/2019\/01\/39239717_2434651793228017_5959014175396069376_n-624x415.jpg 624w\" sizes=\"auto, (max-width: 767px) 89vw, (max-width: 1000px) 54vw, (max-width: 1071px) 543px, 580px\" \/> <img loading=\"lazy\" decoding=\"async\" class=\"alignnone size-full wp-image-1717\" src=\"https:\/\/www.jrk-altoetting.de\/wordpress\/wp-content\/uploads\/2019\/01\/39506462_2443404745686055_674744340068696064_n.jpg\" alt=\"\" width=\"960\" height=\"638\" srcset=\"https:\/\/www.jrk-altoetting.de\/wordpress\/wp-content\/uploads\/2019\/01\/39506462_2443404745686055_674744340068696064_n.jpg 960w, https:\/\/www.jrk-altoetting.de\/wordpress\/wp-content\/uploads\/2019\/01\/39506462_2443404745686055_674744340068696064_n-300x199.jpg 300w, https:\/\/www.jrk-altoetting.de\/wordpress\/wp-content\/uploads\/2019\/01\/39506462_2443404745686055_674744340068696064_n-768x510.jpg 768w, https:\/\/www.jrk-altoetting.de\/wordpress\/wp-content\/uploads\/2019\/01\/39506462_2443404745686055_674744340068696064_n-624x415.jpg 624w\" sizes=\"auto, (max-width: 767px) 89vw, (max-width: 1000px) 54vw, (max-width: 1071px) 543px, 580px\" \/><\/p>\n<h2><\/h2>\n<h2>Zeltlager 2016<\/h2>\n<p>Das Zeltlager im Jahr 2016 stand unter dem Motto &#8222;Auf der Suche nach dem 5. Element&#8220;.<br \/>\nSechs Tage lang erkundeten die Jugendrotkreuzler gemeinsam Feuer, Wasser, Erde, Luft und unser f\u00fcnftes Element &#8211; die Energie, ohne die ein Leben nicht mehr vorstellbar w\u00e4re.<\/p>\n<figure id=\"attachment_1082\" aria-describedby=\"caption-attachment-1082\" style=\"width: 374px\" class=\"wp-caption alignnone\"><a href=\"https:\/\/www.jrk-altoetting.de\/wordpress\/wp-content\/uploads\/2015\/08\/Gruppenfoto.jpg\"><img loading=\"lazy\" decoding=\"async\" class=\"wp-image-1082\" src=\"https:\/\/www.jrk-altoetting.de\/wordpress\/wp-content\/uploads\/2015\/08\/Gruppenfoto-300x199.jpg\" width=\"374\" height=\"248\" srcset=\"https:\/\/www.jrk-altoetting.de\/wordpress\/wp-content\/uploads\/2015\/08\/Gruppenfoto-300x199.jpg 300w, https:\/\/www.jrk-altoetting.de\/wordpress\/wp-content\/uploads\/2015\/08\/Gruppenfoto-768x510.jpg 768w, https:\/\/www.jrk-altoetting.de\/wordpress\/wp-content\/uploads\/2015\/08\/Gruppenfoto-1024x681.jpg 1024w, https:\/\/www.jrk-altoetting.de\/wordpress\/wp-content\/uploads\/2015\/08\/Gruppenfoto-624x415.jpg 624w, https:\/\/www.jrk-altoetting.de\/wordpress\/wp-content\/uploads\/2015\/08\/Gruppenfoto.jpg 2048w\" sizes=\"auto, (max-width: 374px) 100vw, 374px\" \/><\/a><figcaption id=\"caption-attachment-1082\" class=\"wp-caption-text\">Die Zeltlagergemeinschaft 2016<\/figcaption><\/figure>\n<figure id=\"attachment_1080\" aria-describedby=\"caption-attachment-1080\" style=\"width: 268px\" class=\"wp-caption alignleft\"><a href=\"https:\/\/www.jrk-altoetting.de\/wordpress\/wp-content\/uploads\/2015\/08\/Feuerspucken-leicht-gemacht.jpg\"><img loading=\"lazy\" decoding=\"async\" class=\" wp-image-1080\" src=\"https:\/\/www.jrk-altoetting.de\/wordpress\/wp-content\/uploads\/2015\/08\/Feuerspucken-leicht-gemacht-300x199.jpg\" alt=\"\" width=\"268\" height=\"177\" srcset=\"https:\/\/www.jrk-altoetting.de\/wordpress\/wp-content\/uploads\/2015\/08\/Feuerspucken-leicht-gemacht-300x199.jpg 300w, https:\/\/www.jrk-altoetting.de\/wordpress\/wp-content\/uploads\/2015\/08\/Feuerspucken-leicht-gemacht-768x510.jpg 768w, https:\/\/www.jrk-altoetting.de\/wordpress\/wp-content\/uploads\/2015\/08\/Feuerspucken-leicht-gemacht-1024x681.jpg 1024w, https:\/\/www.jrk-altoetting.de\/wordpress\/wp-content\/uploads\/2015\/08\/Feuerspucken-leicht-gemacht-624x415.jpg 624w, https:\/\/www.jrk-altoetting.de\/wordpress\/wp-content\/uploads\/2015\/08\/Feuerspucken-leicht-gemacht.jpg 2048w\" sizes=\"auto, (max-width: 268px) 100vw, 268px\" \/><\/a><figcaption id=\"caption-attachment-1080\" class=\"wp-caption-text\">Feuerspucken leicht gemacht<\/figcaption><\/figure>\n<figure id=\"attachment_1083\" aria-describedby=\"caption-attachment-1083\" style=\"width: 271px\" class=\"wp-caption alignnone\"><a href=\"https:\/\/www.jrk-altoetting.de\/wordpress\/wp-content\/uploads\/2015\/08\/Stockbrot-Teig-vorbereiten.jpg\"><img loading=\"lazy\" decoding=\"async\" class=\" wp-image-1083\" src=\"https:\/\/www.jrk-altoetting.de\/wordpress\/wp-content\/uploads\/2015\/08\/Stockbrot-Teig-vorbereiten-300x199.jpg\" alt=\"\" width=\"271\" height=\"179\" srcset=\"https:\/\/www.jrk-altoetting.de\/wordpress\/wp-content\/uploads\/2015\/08\/Stockbrot-Teig-vorbereiten-300x199.jpg 300w, https:\/\/www.jrk-altoetting.de\/wordpress\/wp-content\/uploads\/2015\/08\/Stockbrot-Teig-vorbereiten-768x510.jpg 768w, https:\/\/www.jrk-altoetting.de\/wordpress\/wp-content\/uploads\/2015\/08\/Stockbrot-Teig-vorbereiten-1024x681.jpg 1024w, https:\/\/www.jrk-altoetting.de\/wordpress\/wp-content\/uploads\/2015\/08\/Stockbrot-Teig-vorbereiten-624x415.jpg 624w, https:\/\/www.jrk-altoetting.de\/wordpress\/wp-content\/uploads\/2015\/08\/Stockbrot-Teig-vorbereiten.jpg 2048w\" sizes=\"auto, (max-width: 271px) 100vw, 271px\" \/><\/a><figcaption id=\"caption-attachment-1083\" class=\"wp-caption-text\">Brot backen<\/figcaption><\/figure>\n<h2>Zeltlager 2014<\/h2>\n<p>Das Zeltlager stand unter dem Motto &#8222;Zeitreise&#8220;.<br \/>\nSo brachte uns die Zeitmaschine von der Steinzeit \u00fcber das antike Rom<br \/>\nund Griechenland sowie \u00fcber das Mittelalter bis in die heutige Zeit nach Bayern.<br \/>\nDie Teilnehmer erwartete ein buntes Programm wie z.B. Feuer machen, Aqu\u00e4dukt<br \/>\nbauen, Lagerolympiade, mittelalterliche Kr\u00e4uterkunde, Fechten mit der Gruppe Skaliger,<br \/>\nMa\u00dfkrug stemmen und das bayerische Brauchtum.<\/p>\n<figure id=\"attachment_469\" aria-describedby=\"caption-attachment-469\" style=\"width: 446px\" class=\"wp-caption alignnone\"><a href=\"http:\/\/www.wordpress.jrk-altoetting.de\/wordpress\/wp-content\/uploads\/2015\/08\/Die-Zeltlagergemeinschaft-mit-ihrem-Mammut.jpg\"><img loading=\"lazy\" decoding=\"async\" class=\"wp-image-469\" src=\"http:\/\/www.wordpress.jrk-altoetting.de\/wordpress\/wp-content\/uploads\/2015\/08\/Die-Zeltlagergemeinschaft-mit-ihrem-Mammut-300x169.jpg\" alt=\"Die Zeltlagergemeinschaft mit ihrem Mammut\" width=\"446\" height=\"251\" srcset=\"https:\/\/www.jrk-altoetting.de\/wordpress\/wp-content\/uploads\/2015\/08\/Die-Zeltlagergemeinschaft-mit-ihrem-Mammut-300x169.jpg 300w, https:\/\/www.jrk-altoetting.de\/wordpress\/wp-content\/uploads\/2015\/08\/Die-Zeltlagergemeinschaft-mit-ihrem-Mammut-1024x576.jpg 1024w, https:\/\/www.jrk-altoetting.de\/wordpress\/wp-content\/uploads\/2015\/08\/Die-Zeltlagergemeinschaft-mit-ihrem-Mammut-624x351.jpg 624w\" sizes=\"auto, (max-width: 446px) 100vw, 446px\" \/><\/a><figcaption id=\"caption-attachment-469\" class=\"wp-caption-text\">Die Zeltlagergemeinschaft mit ihrem Mammut<\/figcaption><\/figure>\n<p><a href=\"http:\/\/www.wordpress.jrk-altoetting.de\/wordpress\/wp-content\/uploads\/2015\/08\/Unsere-Zeltstadt.jpg\"><img loading=\"lazy\" decoding=\"async\" class=\"alignnone wp-image-470\" src=\"http:\/\/www.wordpress.jrk-altoetting.de\/wordpress\/wp-content\/uploads\/2015\/08\/Unsere-Zeltstadt-300x199.jpg\" alt=\"Unsere Zeltstadt\" width=\"403\" height=\"267\" srcset=\"https:\/\/www.jrk-altoetting.de\/wordpress\/wp-content\/uploads\/2015\/08\/Unsere-Zeltstadt-300x199.jpg 300w, https:\/\/www.jrk-altoetting.de\/wordpress\/wp-content\/uploads\/2015\/08\/Unsere-Zeltstadt-1024x680.jpg 1024w, https:\/\/www.jrk-altoetting.de\/wordpress\/wp-content\/uploads\/2015\/08\/Unsere-Zeltstadt-624x415.jpg 624w\" sizes=\"auto, (max-width: 403px) 100vw, 403px\" \/><\/a><\/p>\n","protected":false},"excerpt":{"rendered":"<p>Unser Kreisverbands-Zeltlager findet alle 2 Jahre\u00a0f\u00fcr die Mitglieder des JRK aus dem KV Alt\u00f6tting statt. Im Jahr 2012 haben wir unser Lager zum ersten mal &#8211; nach\u00a0vielen Jahren am Berghamer Badesee &#8211; in Ampfing an der Gr\u00fcnen Lagune\u00a0aufgeschlagen. Ratzfatz-Zeltlager-Spieletag 2021 Zum zweiten Mal musste das Zeltlager des Jugendrotkreuzes im Kreisverband Alt\u00f6tting coronabedingt abgesagt werden. Stattdessen &hellip; <\/p>\n<p class=\"link-more\"><a href=\"https:\/\/www.jrk-altoetting.de\/wordpress\/ausfluege\/kreisverbands-zeltlager\/\" class=\"more-link\"><span class=\"screen-reader-text\">\u201eKreisverbands-Zeltlager\u201c <\/span>weiterlesen<\/a><\/p>\n","protected":false},"author":6,"featured_media":0,"parent":67,"menu_order":3,"comment_status":"closed","ping_status":"closed","template":"","meta":{"ngg_post_thumbnail":0,"footnotes":""},"class_list":["post-387","page","type-page","status-publish","hentry"],"_links":{"self":[{"href":"https:\/\/www.jrk-altoetting.de\/wordpress\/wp-json\/wp\/v2\/pages\/387","targetHints":{"allow":["GET"]}}],"collection":[{"href":"https:\/\/www.jrk-altoetting.de\/wordpress\/wp-json\/wp\/v2\/pages"}],"about":[{"href":"https:\/\/www.jrk-altoetting.de\/wordpress\/wp-json\/wp\/v2\/types\/page"}],"author":[{"embeddable":true,"href":"https:\/\/www.jrk-altoetting.de\/wordpress\/wp-json\/wp\/v2\/users\/6"}],"replies":[{"embeddable":true,"href":"https:\/\/www.jrk-altoetting.de\/wordpress\/wp-json\/wp\/v2\/comments?post=387"}],"version-history":[{"count":11,"href":"https:\/\/www.jrk-altoetting.de\/wordpress\/wp-json\/wp\/v2\/pages\/387\/revisions"}],"predecessor-version":[{"id":2423,"href":"https:\/\/www.jrk-altoetting.de\/wordpress\/wp-json\/wp\/v2\/pages\/387\/revisions\/2423"}],"up":[{"embeddable":true,"href":"https:\/\/www.jrk-altoetting.de\/wordpress\/wp-json\/wp\/v2\/pages\/67"}],"wp:attachment":[{"href":"https:\/\/www.jrk-altoetting.de\/wordpress\/wp-json\/wp\/v2\/media?parent=387"}],"curies":[{"name":"wp","href":"https:\/\/api.w.org\/{rel}","templated":true}]}}