{"id":337,"date":"2015-07-14T02:17:44","date_gmt":"2015-07-14T00:17:44","guid":{"rendered":"http:\/\/www.wordpress.jrk-altoetting.de\/wordpress\/?page_id=337"},"modified":"2024-09-20T12:09:30","modified_gmt":"2024-09-20T10:09:30","slug":"impressum","status":"publish","type":"page","link":"https:\/\/www.jrk-altoetting.de\/wordpress\/impressum\/","title":{"rendered":"Impressum"},"content":{"rendered":"<h3 class=\"csc-firstHeader\"><strong>Ihr \u00f6rtlicher Ansprechpartner<\/strong><\/h3>\n<p>Bernhard Mittermeier<\/p>\n<p>BRK-Kreisverband Alt\u00f6tting<br \/>\nRaitenharter Stra\u00dfe 8<br \/>\n84503 Alt\u00f6tting<\/p>\n<p><a href=\"https:\/\/www.jrk-altoetting.de\/wordpress\/jugendrotkreuz-altoetting\/jrk-gruppen-im-kreisverband\/\">Kontakt<\/a><\/p>\n<p>&nbsp;<\/p>\n<p>Bayerisches Rotes Kreuz<br \/>\nK\u00f6rperschaft des \u00f6ffentlichen Rechts<\/p>\n<p>vertreten durch das Pr\u00e4sidium<\/p>\n<p>Garmischer Str. 19-21<br \/>\n81373 M\u00fcnchen<\/p>\n<p>Pr\u00e4sidentin: Angelika Schorer<\/p>\n<p>Tel:&nbsp; (0 89) 92 41 &#8211; 0<br \/>\nFax: (0 89) 92 41 &#8211; 12 00<\/p>\n<p><a title=\"Kontakt\" href=\"https:\/\/www.jrk-altoetting.de\/wordpress\/jugendrotkreuz-altoetting\/jrk-gruppen-im-kreisverband\/\">Kontakt<\/a><\/p>\n<p>Internet:&nbsp;<a title=\"\u00d6ffnet externen Link in neuem Fenster\" href=\"http:\/\/www.brk.de\/\" target=\"_self\" data-htmlarea-external=\"1\" rel=\"noopener\">www.brk.de<\/a><\/p>\n<p>USt-Id.-Nr.: DE129523533<\/p>\n<h5>Ihr \u00f6rtlicher Ansprechpartner:<\/h5>\n<p>Bayerisches Rotes Kreuz<br \/>\nKreisverband Alt\u00f6tting<br \/>\nRaitenharter Str. 8<br \/>\n84503 Alt\u00f6tting<br \/>\nTelefon&nbsp; (08671) 50 66 &#8211; 0<br \/>\nTelefax&nbsp; (08671) 50 66 &#8211; 30<br \/>\nE-Mail:&nbsp;<a title=\"\u00d6ffnet internen Link im aktuellen Fenster\" href=\"https:\/\/www.jrk-altoetting.de\/wordpress\/jugendrotkreuz-altoetting\/jrk-gruppen-im-kreisverband\/\">info@kvaltoetting.brk.de<\/a><\/p>\n<p>Kreisgesch\u00e4ftsf\u00fchrer: Christian Fendt<\/p>\n<p><a title=\"Kontakt\" href=\"https:\/\/www.jrk-altoetting.de\/wordpress\/jugendrotkreuz-altoetting\/jrk-gruppen-im-kreisverband\/\">Kontakt<\/a><\/p>\n<p>Diese Informationen enthalten die gesetzlich vorgesehenen Pflichtangaben zur Anbieterkennzeichnung zur Internetpr\u00e4senz des Bayerischen Roten Kreuzes, welcher ein Mitgliedsverbandes des Deutschen Roten Kreuzes e.V. ist.&nbsp;Dieses Impressum gilt ebenso f\u00fcr die&nbsp;BRK-Seiten bei Facebook&nbsp;und anderen sozialen Netzwerken.<\/p>\n<h3>Vereinsregistereintrag des DRK e.V.<\/h3>\n<p>Das Deutsche Rote Kreuz e.V. ist im Vereinsregister beim Amtsgericht Berlin-Charlottenburg unter der Registernummer 95 VR 590 B eingetragen.<\/p>\n<h3>Vertretungsberechtigte des DRK e.V.<\/h3>\n<p>Das Deutsche Rote Kreuz e.V. wird gesetzlich vertreten durch Christian Reuter, Generalsekret\u00e4r und Vorsitzender des Vorstands.<\/p>\n<h3 class=\"o-cms-content__headline\">Rechtsstellung und Vertretungsberechtigte des Bayerischen Roten Kreuzes (BRK)<\/h3>\n<p>Das Bayerische Rote Kreuz ist gem\u00e4\u00df Gesetz \u00fcber die Rechtsstellung des Bayerischen Roten Kreuzes vom 16.07.1986, ge\u00e4ndert durch Gesetz vom 27.12.1999, eine K\u00f6rperschaft des \u00f6ffentlichen Rechts mit dem Sitz in M\u00fcnchen. Weiteres wird in der BRK-Satzung geregelt.<\/p>\n<p>Das Bayerische Rote Kreuz, Kd\u00f6R, wird gesetzlich vertreten durch den Pr\u00e4sidenten. Der Pr\u00e4sident wird im \u00f6rtlichen und sachlichen Zust\u00e4ndigkeitsbereich der Bezirks- (\u00a7\u00a7 33 und 34 der BRK-Satzung) und Kreisverb\u00e4nde (\u00a7\u00a723 und 24 der BRK-Satzung) durch deren jeweiligen Vorsitzenden vertreten.<\/p>\n<p>Der Kreisgesch\u00e4ftsf\u00fchrer ist im Rahmen seiner satzungsgem\u00e4\u00dfen Aufgaben bevollm\u00e4chtigt, alleine zu handeln.<\/p>\n<p>Umsatzsteueridentifikationsnummer<br \/>\nDE 122123471<\/p>\n<p>Steuernummer f\u00fcr K\u00f6rperschaften<br \/>\n27\/630\/50727<\/p>\n<h4 class=\"o-cms-content__headline\"><a href=\"https:\/\/www.jrk-altoetting.de\/wordpress\/datenschutzerklaerung\/\">Datenschutzerkl\u00e4rung<\/a><\/h4>\n","protected":false},"excerpt":{"rendered":"<p>Ihr \u00f6rtlicher Ansprechpartner Bernhard Mittermeier BRK-Kreisverband Alt\u00f6tting Raitenharter Stra\u00dfe 8 84503 Alt\u00f6tting Kontakt &nbsp; Bayerisches Rotes Kreuz K\u00f6rperschaft des \u00f6ffentlichen Rechts vertreten durch das Pr\u00e4sidium Garmischer Str. 19-21 81373 M\u00fcnchen Pr\u00e4sidentin: Angelika Schorer Tel:&nbsp; (0 89) 92 41 &#8211; 0 Fax: (0 89) 92 41 &#8211; 12 00 Kontakt Internet:&nbsp;www.brk.de USt-Id.-Nr.: DE129523533 Ihr \u00f6rtlicher Ansprechpartner: &hellip; <\/p>\n<p class=\"link-more\"><a href=\"https:\/\/www.jrk-altoetting.de\/wordpress\/impressum\/\" class=\"more-link\"><span class=\"screen-reader-text\">\u201eImpressum\u201c <\/span>weiterlesen<\/a><\/p>\n","protected":false},"author":6,"featured_media":0,"parent":0,"menu_order":0,"comment_status":"closed","ping_status":"closed","template":"","meta":{"ngg_post_thumbnail":0,"footnotes":""},"class_list":["post-337","page","type-page","status-publish","hentry"],"_links":{"self":[{"href":"https:\/\/www.jrk-altoetting.de\/wordpress\/wp-json\/wp\/v2\/pages\/337","targetHints":{"allow":["GET"]}}],"collection":[{"href":"https:\/\/www.jrk-altoetting.de\/wordpress\/wp-json\/wp\/v2\/pages"}],"about":[{"href":"https:\/\/www.jrk-altoetting.de\/wordpress\/wp-json\/wp\/v2\/types\/page"}],"author":[{"embeddable":true,"href":"https:\/\/www.jrk-altoetting.de\/wordpress\/wp-json\/wp\/v2\/users\/6"}],"replies":[{"embeddable":true,"href":"https:\/\/www.jrk-altoetting.de\/wordpress\/wp-json\/wp\/v2\/comments?post=337"}],"version-history":[{"count":9,"href":"https:\/\/www.jrk-altoetting.de\/wordpress\/wp-json\/wp\/v2\/pages\/337\/revisions"}],"predecessor-version":[{"id":3069,"href":"https:\/\/www.jrk-altoetting.de\/wordpress\/wp-json\/wp\/v2\/pages\/337\/revisions\/3069"}],"wp:attachment":[{"href":"https:\/\/www.jrk-altoetting.de\/wordpress\/wp-json\/wp\/v2\/media?parent=337"}],"curies":[{"name":"wp","href":"https:\/\/api.w.org\/{rel}","templated":true}]}}