{"id":204,"date":"2015-06-25T14:19:06","date_gmt":"2015-06-25T12:19:06","guid":{"rendered":"http:\/\/www.wordpress.jrk-altoetting.de\/wordpress\/?page_id=204"},"modified":"2024-10-13T12:50:27","modified_gmt":"2024-10-13T10:50:27","slug":"toeging","status":"publish","type":"page","link":"https:\/\/www.jrk-altoetting.de\/wordpress\/ortsgruppen\/toeging\/","title":{"rendered":"T\u00f6ging-Winh\u00f6ring"},"content":{"rendered":"<h2><a href=\"https:\/\/www.jrk-altoetting.de\/wordpress\/wp-content\/uploads\/2015\/06\/Profilbild-Jrk-T\u00f6ging-Winh\u00f6ring.jpg\"><img loading=\"lazy\" decoding=\"async\" class=\"alignnone wp-image-1159 size-medium\" src=\"https:\/\/www.jrk-altoetting.de\/wordpress\/wp-content\/uploads\/2015\/06\/Profilbild-Jrk-T\u00f6ging-Winh\u00f6ring-300x225.jpg\" alt=\"\" width=\"300\" height=\"225\" srcset=\"https:\/\/www.jrk-altoetting.de\/wordpress\/wp-content\/uploads\/2015\/06\/Profilbild-Jrk-T\u00f6ging-Winh\u00f6ring-300x225.jpg 300w, https:\/\/www.jrk-altoetting.de\/wordpress\/wp-content\/uploads\/2015\/06\/Profilbild-Jrk-T\u00f6ging-Winh\u00f6ring-768x576.jpg 768w, https:\/\/www.jrk-altoetting.de\/wordpress\/wp-content\/uploads\/2015\/06\/Profilbild-Jrk-T\u00f6ging-Winh\u00f6ring-1024x768.jpg 1024w, https:\/\/www.jrk-altoetting.de\/wordpress\/wp-content\/uploads\/2015\/06\/Profilbild-Jrk-T\u00f6ging-Winh\u00f6ring-624x468.jpg 624w, https:\/\/www.jrk-altoetting.de\/wordpress\/wp-content\/uploads\/2015\/06\/Profilbild-Jrk-T\u00f6ging-Winh\u00f6ring.jpg 1600w\" sizes=\"auto, (max-width: 300px) 100vw, 300px\" \/><\/a><\/h2>\n<h2>&nbsp;<\/h2>\n<h2>Gruppenstunden<\/h2>\n<p>Unsere Gruppenstunde findet immer Dienstags (au\u00dfer in den Schulferien) von<br>18:00 bis 19:30 Uhr im Rettungszentrum T\u00f6ging (Gr\u00fcnewaldstra\u00dfe 5) statt.<\/p>\n<p>Mitmachen kann jeder ab 6 Jahren.<\/p>\n<p>Ansprechpartner\/in:<br>Kathrin Meier<br><a href=\"https:\/\/www.jrk-altoetting.de\/wordpress\/jugendrotkreuz-altoetting\/jrk-gruppen-im-kreisverband\/\">Kontakt<\/a><\/p>\n<p>Besucht uns auch auf unserer Facebook-Seite:&nbsp;&nbsp;&nbsp;&nbsp;&nbsp;&nbsp;&nbsp;&nbsp;&nbsp;&nbsp;&nbsp;&nbsp;&nbsp;&nbsp;&nbsp;&nbsp;&nbsp;&nbsp;&nbsp;&nbsp;&nbsp;&nbsp;&nbsp;&nbsp;&nbsp;&nbsp;&nbsp;&nbsp;&nbsp;&nbsp;&nbsp;&nbsp;&nbsp;&nbsp;&nbsp;&nbsp;&nbsp;&nbsp;&nbsp;&nbsp;&nbsp;&nbsp;&nbsp;&nbsp;&nbsp;&nbsp;&nbsp;&nbsp;&nbsp;&nbsp;&nbsp;&nbsp;&nbsp;&nbsp;&nbsp;&nbsp;&nbsp;&nbsp;&nbsp;&nbsp;&nbsp;&nbsp;&nbsp;&nbsp;&nbsp;&nbsp;&nbsp;&nbsp;&nbsp;&nbsp;&nbsp;&nbsp;&nbsp;&nbsp;&nbsp; <a href=\"https:\/\/www.facebook.com\/Jugendrotkreuz-T%C3%B6ging-Winh%C3%B6ring-859882207437042\/?ref=aymt_homepage_panel\">https:\/\/www.facebook.com\/Jugendrotkreuz-T%C3%B6ging-Winh%C3%B6ring-859882207437042\/?ref=aymt_homepage_panel<\/a><\/p>\n\n\n<p><\/p>\n","protected":false},"excerpt":{"rendered":"<p>&nbsp; Gruppenstunden Unsere Gruppenstunde findet immer Dienstags (au\u00dfer in den Schulferien) von18:00 bis 19:30 Uhr im Rettungszentrum T\u00f6ging (Gr\u00fcnewaldstra\u00dfe 5) statt. Mitmachen kann jeder ab 6 Jahren. Ansprechpartner\/in:Kathrin MeierKontakt Besucht uns auch auf unserer Facebook-Seite:&nbsp;&nbsp;&nbsp;&nbsp;&nbsp;&nbsp;&nbsp;&nbsp;&nbsp;&nbsp;&nbsp;&nbsp;&nbsp;&nbsp;&nbsp;&nbsp;&nbsp;&nbsp;&nbsp;&nbsp;&nbsp;&nbsp;&nbsp;&nbsp;&nbsp;&nbsp;&nbsp;&nbsp;&nbsp;&nbsp;&nbsp;&nbsp;&nbsp;&nbsp;&nbsp;&nbsp;&nbsp;&nbsp;&nbsp;&nbsp;&nbsp;&nbsp;&nbsp;&nbsp;&nbsp;&nbsp;&nbsp;&nbsp;&nbsp;&nbsp;&nbsp;&nbsp;&nbsp;&nbsp;&nbsp;&nbsp;&nbsp;&nbsp;&nbsp;&nbsp;&nbsp;&nbsp;&nbsp;&nbsp;&nbsp;&nbsp;&nbsp;&nbsp;&nbsp;&nbsp;&nbsp;&nbsp;&nbsp;&nbsp;&nbsp; https:\/\/www.facebook.com\/Jugendrotkreuz-T%C3%B6ging-Winh%C3%B6ring-859882207437042\/?ref=aymt_homepage_panel<\/p>\n","protected":false},"author":6,"featured_media":0,"parent":41,"menu_order":6,"comment_status":"closed","ping_status":"closed","template":"","meta":{"ngg_post_thumbnail":0,"footnotes":""},"class_list":["post-204","page","type-page","status-publish","hentry"],"_links":{"self":[{"href":"https:\/\/www.jrk-altoetting.de\/wordpress\/wp-json\/wp\/v2\/pages\/204","targetHints":{"allow":["GET"]}}],"collection":[{"href":"https:\/\/www.jrk-altoetting.de\/wordpress\/wp-json\/wp\/v2\/pages"}],"about":[{"href":"https:\/\/www.jrk-altoetting.de\/wordpress\/wp-json\/wp\/v2\/types\/page"}],"author":[{"embeddable":true,"href":"https:\/\/www.jrk-altoetting.de\/wordpress\/wp-json\/wp\/v2\/users\/6"}],"replies":[{"embeddable":true,"href":"https:\/\/www.jrk-altoetting.de\/wordpress\/wp-json\/wp\/v2\/comments?post=204"}],"version-history":[{"count":18,"href":"https:\/\/www.jrk-altoetting.de\/wordpress\/wp-json\/wp\/v2\/pages\/204\/revisions"}],"predecessor-version":[{"id":3078,"href":"https:\/\/www.jrk-altoetting.de\/wordpress\/wp-json\/wp\/v2\/pages\/204\/revisions\/3078"}],"up":[{"embeddable":true,"href":"https:\/\/www.jrk-altoetting.de\/wordpress\/wp-json\/wp\/v2\/pages\/41"}],"wp:attachment":[{"href":"https:\/\/www.jrk-altoetting.de\/wordpress\/wp-json\/wp\/v2\/media?parent=204"}],"curies":[{"name":"wp","href":"https:\/\/api.w.org\/{rel}","templated":true}]}}