{"id":200,"date":"2015-06-25T14:16:22","date_gmt":"2015-06-25T12:16:22","guid":{"rendered":"http:\/\/www.wordpress.jrk-altoetting.de\/wordpress\/?page_id=200"},"modified":"2024-10-13T14:23:28","modified_gmt":"2024-10-13T12:23:28","slug":"tuessling","status":"publish","type":"page","link":"https:\/\/www.jrk-altoetting.de\/wordpress\/ortsgruppen\/tuessling\/","title":{"rendered":"T\u00fc\u00dfling"},"content":{"rendered":"<h1>Gria\u00dfeich beim JRK T\u00fc\u00dfling!<\/h1>\n<div class=\"content_mitte\">\n<div class=\"content_mitte_oben\">\n<div class=\"csc-textpic csc-textpic-intext-right-nowrap\">\n<div class=\"csc-textpic-text\">\n<figure id=\"attachment_3085\" aria-describedby=\"caption-attachment-3085\" style=\"width: 595px\" class=\"wp-caption alignnone\"><a href=\"https:\/\/www.jrk-altoetting.de\/wordpress\/wp-content\/uploads\/2024\/10\/IMG_6884-2-scaled.jpg\"><img loading=\"lazy\" decoding=\"async\" class=\"wp-image-3085\" src=\"https:\/\/www.jrk-altoetting.de\/wordpress\/wp-content\/uploads\/2024\/10\/IMG_6884-2-scaled.jpg\" alt=\"\" width=\"595\" height=\"382\" srcset=\"https:\/\/www.jrk-altoetting.de\/wordpress\/wp-content\/uploads\/2024\/10\/IMG_6884-2-scaled.jpg 2560w, https:\/\/www.jrk-altoetting.de\/wordpress\/wp-content\/uploads\/2024\/10\/IMG_6884-2-300x193.jpg 300w, https:\/\/www.jrk-altoetting.de\/wordpress\/wp-content\/uploads\/2024\/10\/IMG_6884-2-1024x658.jpg 1024w, https:\/\/www.jrk-altoetting.de\/wordpress\/wp-content\/uploads\/2024\/10\/IMG_6884-2-768x493.jpg 768w, https:\/\/www.jrk-altoetting.de\/wordpress\/wp-content\/uploads\/2024\/10\/IMG_6884-2-1536x986.jpg 1536w, https:\/\/www.jrk-altoetting.de\/wordpress\/wp-content\/uploads\/2024\/10\/IMG_6884-2-2048x1315.jpg 2048w\" sizes=\"auto, (max-width: 595px) 100vw, 595px\" \/><\/a><figcaption id=\"caption-attachment-3085\" class=\"wp-caption-text\">JRK-Flohmarkt 2024<\/figcaption><\/figure>\n<div class=\"content_mitte\">\n<div class=\"content_mitte_oben\">\n<div class=\"csc-textpic csc-textpic-intext-right-nowrap\">\n<div class=\"csc-textpic-text\">\n<h2 class=\"bodytext\"><b>Gruppenstunden<\/b><\/h2>\n<\/div>\n<\/div>\n<\/div>\n<\/div>\n<p><!--more--><\/p>\n<div class=\"content_mitte\">\n<div class=\"content_mitte_oben\">\n<p class=\"bodytext\">Die <em>Rettungstruppe<\/em> (6-11 Jahre): jeden Montag von 17.30 &#8211; 19:00 Uhr (au\u00dfer Schulferien)<\/p>\n<p class=\"bodytext\">Die <em>Rot Kreuz Rebels<\/em> (12-17 Jahre): jeden Donnerstag von 18.00 &#8211; 19.30 Uhr (au\u00dfer Schulferien)<\/p>\n<p class=\"bodytext\">Die <em>Dissling Kellerkinder<\/em> (18-27 Jahre): nach Absprache<\/p>\n<\/div>\n<\/div>\n<h2 class=\"bodytext\">Ansprechpartner:<\/h2>\n<p class=\"bodytext\"><span id=\"skype_c2c_container\" dir=\"ltr\" tabindex=\"-1\" data-numbertocall=\"+4917662144862\" data-numbertype=\"paid\" data-isfreecall=\"false\" data-isrtl=\"false\" data-ismobile=\"false\"><span dir=\"ltr\"><span id=\"non_free_num_ui\"><strong>Manuel \u00d6ppinger &#8211; Ortsgruppenleiter<\/strong><br \/><\/span><\/span><\/span><span id=\"skype_c2c_container\" dir=\"ltr\" tabindex=\"-1\" data-numbertocall=\"+4917662144862\" data-numbertype=\"paid\" data-isfreecall=\"false\" data-isrtl=\"false\" data-ismobile=\"false\"><span dir=\"ltr\"><span id=\"non_free_num_ui\">Mobil: +49 162 1733720<\/span><\/span><\/span><\/p>\n<h2>Einblicke:<\/h2>\n<figure id=\"attachment_3087\" aria-describedby=\"caption-attachment-3087\" style=\"width: 351px\" class=\"wp-caption alignnone\"><a href=\"https:\/\/www.jrk-altoetting.de\/wordpress\/wp-content\/uploads\/2024\/10\/IMG_9808-scaled.jpg\"><img loading=\"lazy\" decoding=\"async\" class=\"wp-image-3087\" src=\"https:\/\/www.jrk-altoetting.de\/wordpress\/wp-content\/uploads\/2024\/10\/IMG_9808-scaled.jpg\" alt=\"\" width=\"351\" height=\"263\" srcset=\"https:\/\/www.jrk-altoetting.de\/wordpress\/wp-content\/uploads\/2024\/10\/IMG_9808-scaled.jpg 2560w, https:\/\/www.jrk-altoetting.de\/wordpress\/wp-content\/uploads\/2024\/10\/IMG_9808-300x225.jpg 300w, https:\/\/www.jrk-altoetting.de\/wordpress\/wp-content\/uploads\/2024\/10\/IMG_9808-1024x768.jpg 1024w, https:\/\/www.jrk-altoetting.de\/wordpress\/wp-content\/uploads\/2024\/10\/IMG_9808-768x576.jpg 768w, https:\/\/www.jrk-altoetting.de\/wordpress\/wp-content\/uploads\/2024\/10\/IMG_9808-1536x1152.jpg 1536w, https:\/\/www.jrk-altoetting.de\/wordpress\/wp-content\/uploads\/2024\/10\/IMG_9808-2048x1536.jpg 2048w\" sizes=\"auto, (max-width: 351px) 100vw, 351px\" \/><\/a><figcaption id=\"caption-attachment-3087\" class=\"wp-caption-text\">Ehrungen &#8211; 5 und 10-J\u00e4hriges Jubil\u00e4um<\/figcaption><\/figure>\n<p><strong style=\"font-size: 1rem;\"><br \/>Zeltaufbau:<br \/><br \/>\u00a0 <a href=\"https:\/\/www.jrk-altoetting.de\/wordpress\/wp-content\/uploads\/2024\/10\/IMG_9713-scaled.jpg\"><img loading=\"lazy\" decoding=\"async\" class=\"alignnone  wp-image-3090\" src=\"https:\/\/www.jrk-altoetting.de\/wordpress\/wp-content\/uploads\/2024\/10\/IMG_9713-scaled.jpg\" alt=\"\" width=\"302\" height=\"227\" srcset=\"https:\/\/www.jrk-altoetting.de\/wordpress\/wp-content\/uploads\/2024\/10\/IMG_9713-scaled.jpg 2560w, https:\/\/www.jrk-altoetting.de\/wordpress\/wp-content\/uploads\/2024\/10\/IMG_9713-300x225.jpg 300w, https:\/\/www.jrk-altoetting.de\/wordpress\/wp-content\/uploads\/2024\/10\/IMG_9713-1024x768.jpg 1024w, https:\/\/www.jrk-altoetting.de\/wordpress\/wp-content\/uploads\/2024\/10\/IMG_9713-768x576.jpg 768w, https:\/\/www.jrk-altoetting.de\/wordpress\/wp-content\/uploads\/2024\/10\/IMG_9713-1536x1152.jpg 1536w, https:\/\/www.jrk-altoetting.de\/wordpress\/wp-content\/uploads\/2024\/10\/IMG_9713-2048x1536.jpg 2048w\" sizes=\"auto, (max-width: 302px) 100vw, 302px\" \/><\/a> <a href=\"https:\/\/www.jrk-altoetting.de\/wordpress\/wp-content\/uploads\/2024\/10\/IMG_9983-scaled.jpg\"><img loading=\"lazy\" decoding=\"async\" class=\"wp-image-3088 alignright\" src=\"https:\/\/www.jrk-altoetting.de\/wordpress\/wp-content\/uploads\/2024\/10\/IMG_9983-scaled.jpg\" alt=\"\" width=\"318\" height=\"424\" srcset=\"https:\/\/www.jrk-altoetting.de\/wordpress\/wp-content\/uploads\/2024\/10\/IMG_9983-scaled.jpg 1920w, https:\/\/www.jrk-altoetting.de\/wordpress\/wp-content\/uploads\/2024\/10\/IMG_9983-225x300.jpg 225w, https:\/\/www.jrk-altoetting.de\/wordpress\/wp-content\/uploads\/2024\/10\/IMG_9983-768x1024.jpg 768w, https:\/\/www.jrk-altoetting.de\/wordpress\/wp-content\/uploads\/2024\/10\/IMG_9983-1152x1536.jpg 1152w, https:\/\/www.jrk-altoetting.de\/wordpress\/wp-content\/uploads\/2024\/10\/IMG_9983-1536x2048.jpg 1536w\" sizes=\"auto, (max-width: 318px) 100vw, 318px\" \/><\/a><br \/><\/strong><\/p>\n<\/div>\n<div class=\"csc-textpic-text\">\n<p><a href=\"https:\/\/www.jrk-altoetting.de\/wordpress\/wp-content\/uploads\/2024\/10\/IMG_9981-scaled.jpg\"><img loading=\"lazy\" decoding=\"async\" class=\"alignnone  wp-image-3089\" src=\"https:\/\/www.jrk-altoetting.de\/wordpress\/wp-content\/uploads\/2024\/10\/IMG_9981-scaled.jpg\" alt=\"\" width=\"264\" height=\"352\" srcset=\"https:\/\/www.jrk-altoetting.de\/wordpress\/wp-content\/uploads\/2024\/10\/IMG_9981-scaled.jpg 1920w, https:\/\/www.jrk-altoetting.de\/wordpress\/wp-content\/uploads\/2024\/10\/IMG_9981-225x300.jpg 225w, https:\/\/www.jrk-altoetting.de\/wordpress\/wp-content\/uploads\/2024\/10\/IMG_9981-768x1024.jpg 768w, https:\/\/www.jrk-altoetting.de\/wordpress\/wp-content\/uploads\/2024\/10\/IMG_9981-1152x1536.jpg 1152w, https:\/\/www.jrk-altoetting.de\/wordpress\/wp-content\/uploads\/2024\/10\/IMG_9981-1536x2048.jpg 1536w\" sizes=\"auto, (max-width: 264px) 100vw, 264px\" \/><\/a><\/p>\n<\/div>\n<\/div>\n<\/div>\n<\/div>\n\n\n<p><\/p>\n","protected":false},"excerpt":{"rendered":"<p>Gria\u00dfeich beim JRK T\u00fc\u00dfling! Gruppenstunden<\/p>\n","protected":false},"author":6,"featured_media":0,"parent":41,"menu_order":7,"comment_status":"closed","ping_status":"closed","template":"","meta":{"ngg_post_thumbnail":0,"footnotes":""},"class_list":["post-200","page","type-page","status-publish","hentry"],"_links":{"self":[{"href":"https:\/\/www.jrk-altoetting.de\/wordpress\/wp-json\/wp\/v2\/pages\/200","targetHints":{"allow":["GET"]}}],"collection":[{"href":"https:\/\/www.jrk-altoetting.de\/wordpress\/wp-json\/wp\/v2\/pages"}],"about":[{"href":"https:\/\/www.jrk-altoetting.de\/wordpress\/wp-json\/wp\/v2\/types\/page"}],"author":[{"embeddable":true,"href":"https:\/\/www.jrk-altoetting.de\/wordpress\/wp-json\/wp\/v2\/users\/6"}],"replies":[{"embeddable":true,"href":"https:\/\/www.jrk-altoetting.de\/wordpress\/wp-json\/wp\/v2\/comments?post=200"}],"version-history":[{"count":49,"href":"https:\/\/www.jrk-altoetting.de\/wordpress\/wp-json\/wp\/v2\/pages\/200\/revisions"}],"predecessor-version":[{"id":3092,"href":"https:\/\/www.jrk-altoetting.de\/wordpress\/wp-json\/wp\/v2\/pages\/200\/revisions\/3092"}],"up":[{"embeddable":true,"href":"https:\/\/www.jrk-altoetting.de\/wordpress\/wp-json\/wp\/v2\/pages\/41"}],"wp:attachment":[{"href":"https:\/\/www.jrk-altoetting.de\/wordpress\/wp-json\/wp\/v2\/media?parent=200"}],"curies":[{"name":"wp","href":"https:\/\/api.w.org\/{rel}","templated":true}]}}