{"id":20,"date":"2015-05-15T13:12:56","date_gmt":"2015-05-15T11:12:56","guid":{"rendered":"http:\/\/www.wordpress.jrk-altoetting.de\/wordpress\/?page_id=20"},"modified":"2020-01-09T18:29:35","modified_gmt":"2020-01-09T17:29:35","slug":"chronik","status":"publish","type":"page","link":"https:\/\/www.jrk-altoetting.de\/wordpress\/jugendrotkreuz-altoetting\/chronik\/","title":{"rendered":"Chronik"},"content":{"rendered":"<figure id=\"attachment_674\" aria-describedby=\"caption-attachment-674\" style=\"width: 300px\" class=\"wp-caption alignright\"><a href=\"https:\/\/www.jrk-altoetting.de\/wordpress\/wp-content\/uploads\/2015\/05\/IMG_9539-e1447364172942.jpg\"><img loading=\"lazy\" decoding=\"async\" class=\"size-medium wp-image-674\" src=\"https:\/\/www.jrk-altoetting.de\/wordpress\/wp-content\/uploads\/2015\/05\/IMG_9539-300x225.jpg\" alt=\"Kreisjugendleitung 2009 - 2013\" width=\"300\" height=\"225\"><\/a><figcaption id=\"caption-attachment-674\" class=\"wp-caption-text\">Kreisjugendleitung 2009 &#8211; 2013<\/figcaption><\/figure>\n<p><strong><u>Geschichte des Kreisverbandes:<\/u><\/strong><\/p>\n<p>Gr\u00fcndungsjahr: 1967 durch&nbsp;Heinrich Brunnhuber<\/p>\n<p>1970: JRK wird erstmals im Protokoll der Vorstandschaftssitzung erw\u00e4hnt<\/p>\n<p>1971: Gr\u00fcndung JRK Alt\u00f6tting durch Peter Poppler<\/p>\n<p>1972: 1. Zeltlager JRK Alt\u00f6tting in Hartmannsberg<\/p>\n<p>1973: Heinrich Brunnhuber wird zum Leiter der Jugendarbeit bestellt und&nbsp;Gr\u00fcndung JRK T\u00fc\u00dfling durch Peter Poppler<\/p>\n<figure id=\"attachment_627\" aria-describedby=\"caption-attachment-627\" style=\"width: 296px\" class=\"wp-caption alignright\"><a href=\"https:\/\/www.jrk-altoetting.de\/wordpress\/wp-content\/uploads\/2015\/05\/Kreisausschuss_2015-e1446383467206.jpg\"><img loading=\"lazy\" decoding=\"async\" class=\"wp-image-627\" src=\"https:\/\/www.jrk-altoetting.de\/wordpress\/wp-content\/uploads\/2015\/05\/Kreisausschuss_2015-1024x680.jpg\" alt=\"Kreisausschuss_2015\" width=\"296\" height=\"197\"><\/a><figcaption id=\"caption-attachment-627\" class=\"wp-caption-text\">Kreisjugendleitung von 2013 bis 2016 von links hinten: Sonja Wernet, Julia Wernet, Daniel R\u00fcckerl, Klaus Poppler, G\u00fcnther Kronwitter und Maria Battinger von links vorne: Thomas Meier (More), Bernhard Mittermeier, Andreas Wagner<\/figcaption><\/figure>\n<p>1974: Insgesamt zwei JRK-Ortsgruppen mit 6 Gruppen und 150 Mitgliedern und&nbsp;Gr\u00fcndung JRK Hart durch Max Kiermeier<\/p>\n<p>1975: Gr\u00fcndung JRK Garching durch Hans Dornbach, Gr\u00fcndung JRK Unterneukirchen durch Hans Mitterbauer&nbsp;und&nbsp;Gr\u00fcndung JRK Burghausen durch Horst Sch\u00e4fer<\/p>\n<p>1976: Gr\u00fcndung JRK Burgkirchen durch Roland Birke, Gr\u00fcndung JRK Marktl durch Rudi Dorfner<br \/>\nund&nbsp;Gr\u00fcndung JRK Winh\u00f6ring durch Peter K\u00fchn- Erdbebeneinsatz in Cornapo\/Oberitalien<\/p>\n<p>1977: Oberbayerische Skimeisterschaft in Gmund, 1. Hallenfu\u00dfballturnier,&nbsp;1. Ferienfreizeitpassaktion in Alt\u00f6tting,&nbsp;&nbsp;1. Radsternfahrt in Burgkirchen,&nbsp;Katastrophenschutz\u00fcbung in Hart\/Alz<\/p>\n<p>1978: Insgesamt 9 JRK Ortsgruppen mit 298 Mitgliedern,&nbsp;10 Jahre Jugendrotkreuz Kreisverband Alt\u00f6tting 1. JRK-Quiz in Unterneukirchen<\/p>\n<p>1979: Wimpelweihe JRK Unterneukirchen<\/p>\n<p>1980: Oberbayerisches Tischtennisturnier- Papstbesuch in Alt\u00f6tting<\/p>\n<p>1981: 1.Sanit\u00e4tsausbildung (Blockunterricht)- Polenaktion (140 Lebensmittelpakete),&nbsp;Einf\u00fchrung des Schulsanit\u00e4tsdienstes in der Hauptschule Alt\u00f6tting durch Hans Zimmermann,&nbsp;Internationaler Jugendaustausch im JRK-Burgkirchen mit Wingen sur Moder (Frankreich)<\/p>\n<p>1982: Tischtennisturnier des BV Oberbayern in Alt\u00f6tting,&nbsp;Einweihung des JRK-Heimes Unterneukirchen- Tischtennisturnier BV Oberbayern in Alt\u00f6tting<\/p>\n<p>1983: Erste-Hilfe-Turnier in Garching- Katastrophenschutz\u00fcbung \u201eM\u00f6rngleis 33\u201c in T\u00fc\u00dfling<\/p>\n<p>1984: Bezirksmeister im Hallenfu\u00dfballturnier des BV Oberbayern in Wasserburg<\/p>\n<p>1985: 1. Altstoffsammlung mit den Gemeinschaften im Landkreis<\/p>\n<p>1986: 1. Zeltlager auf BRK-KV-Ebene in Aichm\u00fchle\/Wiesm\u00fchl<\/p>\n<p>1987: Gr\u00fcndung JRK Emmerting durch Erwin Obermeier\/Peter Poppler<\/p>\n<p>1988: Einweihung JRK-Standarte Hart<\/p>\n<p>1989: Einf\u00fchrung des Schulsanit\u00e4tsdienstes in Unterneukirchen durch Hans Mitterbauer- Hilfsaktion f\u00fcr Rum\u00e4nien (Lebensmittel, Bekleidung)<\/p>\n<p>1991: Gr\u00fcndung JRK Kirchweidach durch Lothar Knittel\/Peter Poppler,&nbsp;Einf\u00fchrung des Schulsanit\u00e4tsdienstes auf Landkreisebene durch Hans Dieter Schmeidl,&nbsp;Hilfsaktion f\u00fcr kroatische Fl\u00fcchtlinge in Ungarn<\/p>\n<p>1992: Schulsanit\u00e4tsdienst-Wettbewerb in Alt\u00f6tting auf BV-Ebene- 25 Jahre Jugendrotkreuz KV Alt\u00f6tting<\/p>\n<p>1993: Verbandkastenaktion und Medikamentensammelaktion<\/p>\n<p>1994: Gr\u00fcndung Arbeitskreis Aktionen<\/p>\n<p>1998: 421 Mitglieder in 10 Ortsgruppen,&nbsp;1. Faschingsfeier,&nbsp;KNOL (Kinder-Nacht-Orientierungs-Lauf), 1. Platz beim Bezirkswettbewerb der 6- bis 8j\u00e4hrigen<\/p>\n<p>1999: SAN- Dienst bei \u201eAntenne Bayern Band\u201c- KNOL<\/p>\n<p>2000: Erste JRK- Faschingsgarde auf Bundesebene- Neues JRK-Logo<\/p>\n<p>2001: 2. Platz beim Bezirkswettbewerb in Traunstein und 4. Platz beim Landeswettbewerb in N\u00fcrnberg in der Bambinistufe- Flughafenralley- Neue Poloshirts<\/p>\n<p>2002: Aktion \u201eBleib Cool, ohne Gewalt\u201c- Bezirkswettbewerb in T\u00fc\u00dfling 650 JRK`ler,&nbsp;AK Aktionen Fahrt zum Tierpark Hellabrunn in M\u00fcnchen- 5 JRK\u00b4ler beim Flutkatastropheneinsatz in Dresden und&nbsp;Hans Mitterbauer wird Ehrenmitglied im Bayerischen Jugendrotkreuz<br \/>\n&#8211; KNOL<\/p>\n<p>2003: 2. Platz beim Bezirkswettbewerb in Erding und 2. Platz beim Landeswettbewerb in Neu-Ulm in der Stufe 2,&nbsp;Gro\u00dfschaden beim JRK-KV-Zeltlager (12.000 \u20ac),&nbsp;1. JRK Zeltdisko in Neu\u00f6tting und Peter Poppler wird Ehrenmitglied im Bayerischen Jugendrotkreuz<\/p>\n<p>2004: 1. Faschingswagenbau,&nbsp;Ferienwoche an der Ostsee&nbsp;und 1. Platz beim Spessart-R\u00e4uber-Lauf- Museumsralley vom Bezirksverband<\/p>\n<p>2005: Sponsorenzelt 21 \u00d7 10 m,&nbsp;2. Platz beim Bezirkswettbewerb in Freising in der Stufe 1 und das 1. Internationale Youth Camp auf der BUGA M\u00fcnchen<\/p>\n<p>2006: AK Aktionen Fahrt ins Deutsche Museum- Einweihung JRK Haus Alt\u00f6tting,&nbsp;Bau bzw. Umbau JRK Lager in Kastl und der&nbsp;SAN- Dienst beim Papstbesuch<\/p>\n<p>2007: AK Aktionen Fahrt in den Europapark- Aktion Zeit f\u00fcr Helden in T\u00fc\u00dfling,&nbsp;40 Jahre Jugendrotkreuz KV Alt\u00f6tting,&nbsp;AK Aktionen Ausflug nach Berchtesgaden und zweimal der erste Platz bei der Fotoralley<\/p>\n<p>2008: Erste St.-Martins-Aktion, Teilnahme am Spessart-R\u00e4uber-Lauf, Gruppenleiterwochenende in Siegsdorf, Schafkopfturnier, KinderNachtOrientierungsLauf in T\u00fc\u00dfling<\/p>\n<p>2009: Betreuerseminar, Abenteuerwochenende in Siegsdorf, Faschingsball in Ingolstadt, Solferino-Tag im Kreisverband, Mimen bei der SEG 24-Stunden-\u00dcbung<\/p>\n<p>2010: Erstmalige Verhaltenskodex-Schulung, Ehrenmitglied des JRK Peter Poppler verstorben, Einf\u00fchrung der Gefahrgutanalyse f\u00fcr SAN-Dienste, RK-Einf\u00fchrungsseminar f\u00fcr alle Ortsgruppen, letzter Eishockeydienst in Burgkirchen<\/p>\n<p>2012: Gruppenleiterwochenende in Triftern, Sanierung Klowagen, KV-Zeltlager zum ersten Mal an der &#8222;Gr\u00fcnen Lagune&#8220; in Ampfing, Einweihung JRK-Denkmal in Kastl<\/p>\n<p>2013: Erstmals Spiele ohne Grenzen in Alt\u00f6tting, Bezirkswettbewerb in T\u00fc\u00dfling, Teilnahme am Spessart-R\u00e4uber-Lauf, Helferfest 150 Jahre Deutsches Rotes Kreuz in M\u00fcnchen, Landesversammlung in Alt\u00f6tting, Woche der Wiederbelebung, Klausurtagung der Gruppenleiter in Triftern, Gr\u00fcndung Facebook-Seite JRK KV Alt\u00f6tting, zwei Gruppen beim Landeswettbewerb in Oberstaufen<\/p>\n<p>2014: Benefizkonzert f\u00fcr das Behindertenzeltlager der Band &#8222;Friends &amp; Fire&#8220;, neuer LdJA Bernhard Mittermeier, Helfer beim Bezirkswettbewerb in Chieming aus A\u00d6, Neugr\u00fcndung JRK T\u00f6ging, neue JRK Jacken, Gruppenleiterwochenende, Grill-Lehrgang, Ehrenzeichen des BJRK f\u00fcr Andreas Wagner und Andrea Hiebl<\/p>\n<p>2015: Museumsrallye in M\u00fcnchen, Matratzenrutschen in T\u00f6ging, Ausflug in die Bavaria Filmstudios, Einf\u00fchrung HiOrg, drei Mannschaften beim Landeswettbewerb, \u00dcberraschungsfahrt f\u00fcr Helfer und Gruppenleiter aus dem Kreisverband<\/p>\n<p>2016: zweiter Grill-Lehrgang, Besichtigung Rettungsdienst-Schule in Burghausen, neue Zeltplanen und Stangen, Neuwahlen, Mimen bei der Gro\u00df\u00fcbung in Alt\u00f6tting, Faschingswagenbau<\/p>\n<p>2017: Landeswettbewerb in T\u00fc\u00dfling, Betreuerzeltlager in Burgkirchen, KAS- und OGL-Wochenende in Passau, Kinderschminken beim Familientag des KJR, goldene Ehrennadel des Jugendrotkreuzes f\u00fcr Andrea Hiebl, Gruppenleiterseminar und Verhaltenskodex-Schulung<\/p>\n","protected":false},"excerpt":{"rendered":"<p>Geschichte des Kreisverbandes: Gr\u00fcndungsjahr: 1967 durch&nbsp;Heinrich Brunnhuber 1970: JRK wird erstmals im Protokoll der Vorstandschaftssitzung erw\u00e4hnt 1971: Gr\u00fcndung JRK Alt\u00f6tting durch Peter Poppler 1972: 1. Zeltlager JRK Alt\u00f6tting in Hartmannsberg 1973: Heinrich Brunnhuber wird zum Leiter der Jugendarbeit bestellt und&nbsp;Gr\u00fcndung JRK T\u00fc\u00dfling durch Peter Poppler 1974: Insgesamt zwei JRK-Ortsgruppen mit 6 Gruppen und 150 Mitgliedern &hellip; <\/p>\n<p class=\"link-more\"><a href=\"https:\/\/www.jrk-altoetting.de\/wordpress\/jugendrotkreuz-altoetting\/chronik\/\" class=\"more-link\"><span class=\"screen-reader-text\">\u201eChronik\u201c <\/span>weiterlesen<\/a><\/p>\n","protected":false},"author":6,"featured_media":0,"parent":2,"menu_order":3,"comment_status":"closed","ping_status":"closed","template":"","meta":{"ngg_post_thumbnail":0,"footnotes":""},"class_list":["post-20","page","type-page","status-publish","hentry"],"_links":{"self":[{"href":"https:\/\/www.jrk-altoetting.de\/wordpress\/wp-json\/wp\/v2\/pages\/20","targetHints":{"allow":["GET"]}}],"collection":[{"href":"https:\/\/www.jrk-altoetting.de\/wordpress\/wp-json\/wp\/v2\/pages"}],"about":[{"href":"https:\/\/www.jrk-altoetting.de\/wordpress\/wp-json\/wp\/v2\/types\/page"}],"author":[{"embeddable":true,"href":"https:\/\/www.jrk-altoetting.de\/wordpress\/wp-json\/wp\/v2\/users\/6"}],"replies":[{"embeddable":true,"href":"https:\/\/www.jrk-altoetting.de\/wordpress\/wp-json\/wp\/v2\/comments?post=20"}],"version-history":[{"count":19,"href":"https:\/\/www.jrk-altoetting.de\/wordpress\/wp-json\/wp\/v2\/pages\/20\/revisions"}],"predecessor-version":[{"id":2020,"href":"https:\/\/www.jrk-altoetting.de\/wordpress\/wp-json\/wp\/v2\/pages\/20\/revisions\/2020"}],"up":[{"embeddable":true,"href":"https:\/\/www.jrk-altoetting.de\/wordpress\/wp-json\/wp\/v2\/pages\/2"}],"wp:attachment":[{"href":"https:\/\/www.jrk-altoetting.de\/wordpress\/wp-json\/wp\/v2\/media?parent=20"}],"curies":[{"name":"wp","href":"https:\/\/api.w.org\/{rel}","templated":true}]}}