{"id":2,"date":"2015-02-16T14:17:10","date_gmt":"2015-02-16T13:17:10","guid":{"rendered":"\/?page_id=2"},"modified":"2022-02-26T15:18:31","modified_gmt":"2022-02-26T14:18:31","slug":"jugendrotkreuz-altoetting","status":"publish","type":"page","link":"https:\/\/www.jrk-altoetting.de\/wordpress\/jugendrotkreuz-altoetting\/","title":{"rendered":"Jugendrotkreuz"},"content":{"rendered":"<div class=\"csc-textpicHeader csc-textpicHeader-25\">\n<div>\n<h2 id=\"c3519\"><a href=\"https:\/\/www.jrk-altoetting.de\/wordpress\/wp-content\/uploads\/2015\/02\/DSC_0554-e1447362533843.jpg\"><img loading=\"lazy\" decoding=\"async\" class=\"alignright size-medium wp-image-670\" src=\"https:\/\/www.jrk-altoetting.de\/wordpress\/wp-content\/uploads\/2015\/02\/DSC_0554-300x200.jpg\" alt=\"DSC_0554\" width=\"300\" height=\"200\" \/><\/a>Bayerisches Jugendrotkreuz<\/h2>\n<\/div>\n<p>Das Bayerische Jugendrotkreuz ist der eigenst\u00e4ndige Jugendverband des Bayerischen Roten Kreuzes und bietet \u00fcber 106.000 Kindern, Jugendlichen und jungen Erwachsenen bis 27 Jahre eine Plattform f\u00fcr Freizeitgestaltung, Austausch und Lernen. Im JRK setzt man sich f\u00fcr Frieden und V\u00f6lkerverst\u00e4ndigung ein, macht sich stark f\u00fcr Gesundheit und Umwelt und kooperiert mit Jugendgruppen aus der ganzen Welt. Das JRK bietet viele verschiedene M\u00f6glichkeiten f\u00fcr eine sinnvolle Freizeitgestaltung und ehrenamtliches Engagement. Unter den sieben Grunds\u00e4tzen des Roten Kreuzes:\u00a0<b>Menschlichkeit, Unparteilichkeit, Neutralit\u00e4t, Unabh\u00e4ngigkeit, Freiwilligkeit, Einheit und Universalit\u00e4t<\/b>\u00a0lernen Jugendrotkreuzler, in ihrer Jugendgruppe Verantwortung zu \u00fcbernehmen sowie selbstst\u00e4ndig Veranstaltungen zu planen und durchzuf\u00fchren<\/p>\n<\/div>\n<p class=\"bodytext\">\n","protected":false},"excerpt":{"rendered":"<p>Bayerisches Jugendrotkreuz Das Bayerische Jugendrotkreuz ist der eigenst\u00e4ndige Jugendverband des Bayerischen Roten Kreuzes und bietet \u00fcber 106.000 Kindern, Jugendlichen und jungen Erwachsenen bis 27 Jahre eine Plattform f\u00fcr Freizeitgestaltung, Austausch und Lernen. Im JRK setzt man sich f\u00fcr Frieden und V\u00f6lkerverst\u00e4ndigung ein, macht sich stark f\u00fcr Gesundheit und Umwelt und kooperiert mit Jugendgruppen aus der &hellip; <\/p>\n<p class=\"link-more\"><a href=\"https:\/\/www.jrk-altoetting.de\/wordpress\/jugendrotkreuz-altoetting\/\" class=\"more-link\"><span class=\"screen-reader-text\">\u201eJugendrotkreuz\u201c <\/span>weiterlesen<\/a><\/p>\n","protected":false},"author":6,"featured_media":0,"parent":0,"menu_order":1,"comment_status":"closed","ping_status":"closed","template":"","meta":{"ngg_post_thumbnail":0,"footnotes":""},"class_list":["post-2","page","type-page","status-publish","hentry"],"_links":{"self":[{"href":"https:\/\/www.jrk-altoetting.de\/wordpress\/wp-json\/wp\/v2\/pages\/2","targetHints":{"allow":["GET"]}}],"collection":[{"href":"https:\/\/www.jrk-altoetting.de\/wordpress\/wp-json\/wp\/v2\/pages"}],"about":[{"href":"https:\/\/www.jrk-altoetting.de\/wordpress\/wp-json\/wp\/v2\/types\/page"}],"author":[{"embeddable":true,"href":"https:\/\/www.jrk-altoetting.de\/wordpress\/wp-json\/wp\/v2\/users\/6"}],"replies":[{"embeddable":true,"href":"https:\/\/www.jrk-altoetting.de\/wordpress\/wp-json\/wp\/v2\/comments?post=2"}],"version-history":[{"count":8,"href":"https:\/\/www.jrk-altoetting.de\/wordpress\/wp-json\/wp\/v2\/pages\/2\/revisions"}],"predecessor-version":[{"id":2648,"href":"https:\/\/www.jrk-altoetting.de\/wordpress\/wp-json\/wp\/v2\/pages\/2\/revisions\/2648"}],"wp:attachment":[{"href":"https:\/\/www.jrk-altoetting.de\/wordpress\/wp-json\/wp\/v2\/media?parent=2"}],"curies":[{"name":"wp","href":"https:\/\/api.w.org\/{rel}","templated":true}]}}