{"id":190,"date":"2015-06-25T14:06:53","date_gmt":"2015-06-25T12:06:53","guid":{"rendered":"http:\/\/www.wordpress.jrk-altoetting.de\/wordpress\/?page_id=190"},"modified":"2024-09-15T09:50:56","modified_gmt":"2024-09-15T07:50:56","slug":"altoetting","status":"publish","type":"page","link":"https:\/\/www.jrk-altoetting.de\/wordpress\/ortsgruppen\/altoetting\/","title":{"rendered":"Alt\u00f6tting"},"content":{"rendered":"<h2 class=\"bodytext\">Gruppenstunden<\/h2>\n<p>Unsere Gruppenstunden finden in der <strong>Burghauser Stra\u00dfe 71a<\/strong> in Alt\u00f6tting statt. Unser Gruppenraum befindet sich hinter dem Gebrauchtwarenhaus im Keller des Geb\u00e4udes.<\/p>\n<p><a href=\"https:\/\/www.jrk-altoetting.de\/wordpress\/wp-content\/uploads\/2019\/12\/1C2B488C-1276-437B-8C4C-8357C9475C8B-scaled.jpeg\"><img loading=\"lazy\" decoding=\"async\" class=\"alignnone wp-image-1974 \" src=\"https:\/\/www.jrk-altoetting.de\/wordpress\/wp-content\/uploads\/2019\/12\/1C2B488C-1276-437B-8C4C-8357C9475C8B-1024x768.jpeg\" alt=\"\" width=\"630\" height=\"473\" srcset=\"https:\/\/www.jrk-altoetting.de\/wordpress\/wp-content\/uploads\/2019\/12\/1C2B488C-1276-437B-8C4C-8357C9475C8B-1024x768.jpeg 1024w, https:\/\/www.jrk-altoetting.de\/wordpress\/wp-content\/uploads\/2019\/12\/1C2B488C-1276-437B-8C4C-8357C9475C8B-300x225.jpeg 300w, https:\/\/www.jrk-altoetting.de\/wordpress\/wp-content\/uploads\/2019\/12\/1C2B488C-1276-437B-8C4C-8357C9475C8B-768x576.jpeg 768w, https:\/\/www.jrk-altoetting.de\/wordpress\/wp-content\/uploads\/2019\/12\/1C2B488C-1276-437B-8C4C-8357C9475C8B-1536x1152.jpeg 1536w, https:\/\/www.jrk-altoetting.de\/wordpress\/wp-content\/uploads\/2019\/12\/1C2B488C-1276-437B-8C4C-8357C9475C8B-2048x1536.jpeg 2048w\" sizes=\"auto, (max-width: 630px) 100vw, 630px\" \/><\/a><\/p>\n<p>Dienstags von 18:00 &#8211; 19:00 Uhr der 6 &#8211; 12 J\u00e4hrigen<\/p>\n<p>Dienstags von 19:00 &#8211; 20:00 Uhr der 13 &#8211; 16 J\u00e4hrigen<\/p>\n<p>Auf euer Kommen freut sich die Ortsgruppe Alt\u00f6tting (:\u00a0<\/p>\n<h2 class=\"bodytext\"><a href=\"https:\/\/www.jrk-altoetting.de\/wordpress\/jugendrotkreuz-altoetting\/jrk-gruppen-im-kreisverband\/\">Kontakt<\/a><\/h2>\n<p class=\"bodytext\">Ansprechpartner: Max Br\u00fcchner<\/p>\n<p>altoetting[at]jrk-altoetting.de<\/p>\n\n\n<p><\/p>\n\n\n\n<p><\/p>\n","protected":false},"excerpt":{"rendered":"<p>Gruppenstunden Unsere Gruppenstunden finden in der Burghauser Stra\u00dfe 71a in Alt\u00f6tting statt. Unser Gruppenraum befindet sich hinter dem Gebrauchtwarenhaus im Keller des Geb\u00e4udes. Dienstags von 18:00 &#8211; 19:00 Uhr der 6 &#8211; 12 J\u00e4hrigen Dienstags von 19:00 &#8211; 20:00 Uhr der 13 &#8211; 16 J\u00e4hrigen Auf euer Kommen freut sich die Ortsgruppe Alt\u00f6tting (:\u00a0 Kontakt &hellip; <\/p>\n<p class=\"link-more\"><a href=\"https:\/\/www.jrk-altoetting.de\/wordpress\/ortsgruppen\/altoetting\/\" class=\"more-link\"><span class=\"screen-reader-text\">\u201eAlt\u00f6tting\u201c <\/span>weiterlesen<\/a><\/p>\n","protected":false},"author":6,"featured_media":0,"parent":41,"menu_order":1,"comment_status":"closed","ping_status":"closed","template":"","meta":{"ngg_post_thumbnail":0,"footnotes":""},"class_list":["post-190","page","type-page","status-publish","hentry"],"_links":{"self":[{"href":"https:\/\/www.jrk-altoetting.de\/wordpress\/wp-json\/wp\/v2\/pages\/190","targetHints":{"allow":["GET"]}}],"collection":[{"href":"https:\/\/www.jrk-altoetting.de\/wordpress\/wp-json\/wp\/v2\/pages"}],"about":[{"href":"https:\/\/www.jrk-altoetting.de\/wordpress\/wp-json\/wp\/v2\/types\/page"}],"author":[{"embeddable":true,"href":"https:\/\/www.jrk-altoetting.de\/wordpress\/wp-json\/wp\/v2\/users\/6"}],"replies":[{"embeddable":true,"href":"https:\/\/www.jrk-altoetting.de\/wordpress\/wp-json\/wp\/v2\/comments?post=190"}],"version-history":[{"count":36,"href":"https:\/\/www.jrk-altoetting.de\/wordpress\/wp-json\/wp\/v2\/pages\/190\/revisions"}],"predecessor-version":[{"id":3068,"href":"https:\/\/www.jrk-altoetting.de\/wordpress\/wp-json\/wp\/v2\/pages\/190\/revisions\/3068"}],"up":[{"embeddable":true,"href":"https:\/\/www.jrk-altoetting.de\/wordpress\/wp-json\/wp\/v2\/pages\/41"}],"wp:attachment":[{"href":"https:\/\/www.jrk-altoetting.de\/wordpress\/wp-json\/wp\/v2\/media?parent=190"}],"curies":[{"name":"wp","href":"https:\/\/api.w.org\/{rel}","templated":true}]}}