{"id":1850,"date":"2019-11-19T21:37:40","date_gmt":"2019-11-19T20:37:40","guid":{"rendered":"http:\/\/www.jrk-altoetting.de\/wordpress\/?page_id=1850"},"modified":"2019-11-25T21:35:07","modified_gmt":"2019-11-25T20:35:07","slug":"spiele-ohne-grenzen","status":"publish","type":"page","link":"https:\/\/www.jrk-altoetting.de\/wordpress\/ausfluege\/spiele-ohne-grenzen\/","title":{"rendered":"Spiele ohne Grenzen"},"content":{"rendered":"\n<p>Seit 2003 veranstalten wir nun unser &#8222;Spiele ohne Grenzen&#8220;. Wir hatten die Idee, dass bei einer Spa\u00dfveranstaltung komplett gemischte Teams mit Teilnehmern jeden Alters gegeneinander antreten k\u00f6nnen.<\/p>\n\n\n\n<p>So sind die Aufgaben bei alle so gew\u00e4hlt, dass sie f\u00fcr jedes Alter gleich schwer sind. Oder zumindest abwechselnd f\u00fcr j\u00fcngere und \u00e4ltere leichter.<\/p>\n\n\n\n<p>Es nehmen jedes Jahr ca. 100 Kinder an der Veranstaltung teil. Es haben alle viel Spa\u00df und genie\u00dfen den sch\u00f6nen Tag.<\/p>\n\n\n\n<p>Nur 2017 haben wir die Aktion ausgesetzt, da wir in diesem Jahr unser 50 j\u00e4hriges Jubil\u00e4um gefeiert haben. Bei unserem Jubil\u00e4um hatten wir daf\u00fcr einen Spiel und Spa\u00df Parcours in Burgkirchen am B\u00fcrgerplatz veranstaltet. <\/p>\n\n\n\n<h3 class=\"wp-block-heading\">Spiele ohne Grenzen 2019<\/h3>\n\n\n\n<figure class=\"wp-block-gallery columns-3 is-cropped wp-block-gallery-1 is-layout-flex wp-block-gallery-is-layout-flex\"><ul class=\"blocks-gallery-grid\"><li class=\"blocks-gallery-item\"><figure><img loading=\"lazy\" decoding=\"async\" width=\"681\" height=\"1024\" src=\"https:\/\/www.jrk-altoetting.de\/wordpress\/wp-content\/uploads\/2019\/10\/JRKKVAOE_20191012_104938-681x1024.jpg\" alt=\"\" data-id=\"1856\" data-full-url=\"https:\/\/www.jrk-altoetting.de\/wordpress\/wp-content\/uploads\/2019\/10\/JRKKVAOE_20191012_104938-scaled.jpg\" data-link=\"https:\/\/www.jrk-altoetting.de\/wordpress\/jrkkvaoe_20191012_104938\/\" class=\"wp-image-1856\" srcset=\"https:\/\/www.jrk-altoetting.de\/wordpress\/wp-content\/uploads\/2019\/10\/JRKKVAOE_20191012_104938-681x1024.jpg 681w, https:\/\/www.jrk-altoetting.de\/wordpress\/wp-content\/uploads\/2019\/10\/JRKKVAOE_20191012_104938-199x300.jpg 199w, https:\/\/www.jrk-altoetting.de\/wordpress\/wp-content\/uploads\/2019\/10\/JRKKVAOE_20191012_104938-768x1156.jpg 768w, https:\/\/www.jrk-altoetting.de\/wordpress\/wp-content\/uploads\/2019\/10\/JRKKVAOE_20191012_104938-1021x1536.jpg 1021w, https:\/\/www.jrk-altoetting.de\/wordpress\/wp-content\/uploads\/2019\/10\/JRKKVAOE_20191012_104938-1361x2048.jpg 1361w, https:\/\/www.jrk-altoetting.de\/wordpress\/wp-content\/uploads\/2019\/10\/JRKKVAOE_20191012_104938-624x939.jpg 624w, https:\/\/www.jrk-altoetting.de\/wordpress\/wp-content\/uploads\/2019\/10\/JRKKVAOE_20191012_104938-scaled.jpg 1701w\" sizes=\"auto, (max-width: 681px) 100vw, 681px\" \/><figcaption class=\"blocks-gallery-item__caption\">Bei einer Station mussten die Kinder ein Feuer mit der K\u00fcbelspritze l\u00f6schen<\/figcaption><\/figure><\/li><li class=\"blocks-gallery-item\"><figure><img loading=\"lazy\" decoding=\"async\" width=\"1024\" height=\"681\" src=\"https:\/\/www.jrk-altoetting.de\/wordpress\/wp-content\/uploads\/2019\/10\/JRKKVAOE_20191012_151133-1024x681.jpg\" alt=\"\" data-id=\"1855\" data-full-url=\"https:\/\/www.jrk-altoetting.de\/wordpress\/wp-content\/uploads\/2019\/10\/JRKKVAOE_20191012_151133-scaled.jpg\" data-link=\"https:\/\/www.jrk-altoetting.de\/wordpress\/jrkkvaoe_20191012_151133\/\" class=\"wp-image-1855\" srcset=\"https:\/\/www.jrk-altoetting.de\/wordpress\/wp-content\/uploads\/2019\/10\/JRKKVAOE_20191012_151133-1024x681.jpg 1024w, https:\/\/www.jrk-altoetting.de\/wordpress\/wp-content\/uploads\/2019\/10\/JRKKVAOE_20191012_151133-300x199.jpg 300w, https:\/\/www.jrk-altoetting.de\/wordpress\/wp-content\/uploads\/2019\/10\/JRKKVAOE_20191012_151133-768x510.jpg 768w, https:\/\/www.jrk-altoetting.de\/wordpress\/wp-content\/uploads\/2019\/10\/JRKKVAOE_20191012_151133-1536x1021.jpg 1536w, https:\/\/www.jrk-altoetting.de\/wordpress\/wp-content\/uploads\/2019\/10\/JRKKVAOE_20191012_151133-2048x1361.jpg 2048w, https:\/\/www.jrk-altoetting.de\/wordpress\/wp-content\/uploads\/2019\/10\/JRKKVAOE_20191012_151133-624x415.jpg 624w\" sizes=\"auto, (max-width: 767px) 89vw, (max-width: 1000px) 54vw, (max-width: 1071px) 543px, 580px\" \/><figcaption class=\"blocks-gallery-item__caption\">Warten auf die Siegerehrung<\/figcaption><\/figure><\/li><li class=\"blocks-gallery-item\"><figure><img loading=\"lazy\" decoding=\"async\" width=\"681\" height=\"1024\" src=\"https:\/\/www.jrk-altoetting.de\/wordpress\/wp-content\/uploads\/2019\/10\/JRKKVAOE_20191012_100044-681x1024.jpg\" alt=\"\" data-id=\"1854\" data-full-url=\"https:\/\/www.jrk-altoetting.de\/wordpress\/wp-content\/uploads\/2019\/10\/JRKKVAOE_20191012_100044-scaled.jpg\" data-link=\"https:\/\/www.jrk-altoetting.de\/wordpress\/jrkkvaoe_20191012_100044\/\" class=\"wp-image-1854\" srcset=\"https:\/\/www.jrk-altoetting.de\/wordpress\/wp-content\/uploads\/2019\/10\/JRKKVAOE_20191012_100044-681x1024.jpg 681w, https:\/\/www.jrk-altoetting.de\/wordpress\/wp-content\/uploads\/2019\/10\/JRKKVAOE_20191012_100044-199x300.jpg 199w, https:\/\/www.jrk-altoetting.de\/wordpress\/wp-content\/uploads\/2019\/10\/JRKKVAOE_20191012_100044-768x1156.jpg 768w, https:\/\/www.jrk-altoetting.de\/wordpress\/wp-content\/uploads\/2019\/10\/JRKKVAOE_20191012_100044-1021x1536.jpg 1021w, https:\/\/www.jrk-altoetting.de\/wordpress\/wp-content\/uploads\/2019\/10\/JRKKVAOE_20191012_100044-1361x2048.jpg 1361w, https:\/\/www.jrk-altoetting.de\/wordpress\/wp-content\/uploads\/2019\/10\/JRKKVAOE_20191012_100044-624x939.jpg 624w, https:\/\/www.jrk-altoetting.de\/wordpress\/wp-content\/uploads\/2019\/10\/JRKKVAOE_20191012_100044-scaled.jpg 1701w\" sizes=\"auto, (max-width: 681px) 100vw, 681px\" \/><figcaption class=\"blocks-gallery-item__caption\">Sortieren mit St\u00e4bchen<\/figcaption><\/figure><\/li><\/ul><\/figure>\n","protected":false},"excerpt":{"rendered":"<p>Seit 2003 veranstalten wir nun unser &#8222;Spiele ohne Grenzen&#8220;. Wir hatten die Idee, dass bei einer Spa\u00dfveranstaltung komplett gemischte Teams mit Teilnehmern jeden Alters gegeneinander antreten k\u00f6nnen. So sind die Aufgaben bei alle so gew\u00e4hlt, dass sie f\u00fcr jedes Alter gleich schwer sind. Oder zumindest abwechselnd f\u00fcr j\u00fcngere und \u00e4ltere leichter. Es nehmen jedes Jahr &hellip; <\/p>\n<p class=\"link-more\"><a href=\"https:\/\/www.jrk-altoetting.de\/wordpress\/ausfluege\/spiele-ohne-grenzen\/\" class=\"more-link\"><span class=\"screen-reader-text\">\u201eSpiele ohne Grenzen\u201c <\/span>weiterlesen<\/a><\/p>\n","protected":false},"author":6,"featured_media":0,"parent":67,"menu_order":9,"comment_status":"closed","ping_status":"closed","template":"","meta":{"ngg_post_thumbnail":0,"footnotes":""},"class_list":["post-1850","page","type-page","status-publish","hentry"],"_links":{"self":[{"href":"https:\/\/www.jrk-altoetting.de\/wordpress\/wp-json\/wp\/v2\/pages\/1850","targetHints":{"allow":["GET"]}}],"collection":[{"href":"https:\/\/www.jrk-altoetting.de\/wordpress\/wp-json\/wp\/v2\/pages"}],"about":[{"href":"https:\/\/www.jrk-altoetting.de\/wordpress\/wp-json\/wp\/v2\/types\/page"}],"author":[{"embeddable":true,"href":"https:\/\/www.jrk-altoetting.de\/wordpress\/wp-json\/wp\/v2\/users\/6"}],"replies":[{"embeddable":true,"href":"https:\/\/www.jrk-altoetting.de\/wordpress\/wp-json\/wp\/v2\/comments?post=1850"}],"version-history":[{"count":4,"href":"https:\/\/www.jrk-altoetting.de\/wordpress\/wp-json\/wp\/v2\/pages\/1850\/revisions"}],"predecessor-version":[{"id":1892,"href":"https:\/\/www.jrk-altoetting.de\/wordpress\/wp-json\/wp\/v2\/pages\/1850\/revisions\/1892"}],"up":[{"embeddable":true,"href":"https:\/\/www.jrk-altoetting.de\/wordpress\/wp-json\/wp\/v2\/pages\/67"}],"wp:attachment":[{"href":"https:\/\/www.jrk-altoetting.de\/wordpress\/wp-json\/wp\/v2\/media?parent=1850"}],"curies":[{"name":"wp","href":"https:\/\/api.w.org\/{rel}","templated":true}]}}