{"id":18,"date":"2015-05-15T13:11:33","date_gmt":"2015-05-15T11:11:33","guid":{"rendered":"http:\/\/www.wordpress.jrk-altoetting.de\/wordpress\/?page_id=18"},"modified":"2022-05-29T13:39:17","modified_gmt":"2022-05-29T11:39:17","slug":"jrk-aufgaben","status":"publish","type":"page","link":"https:\/\/www.jrk-altoetting.de\/wordpress\/jugendrotkreuz-altoetting\/jrk-aufgaben\/","title":{"rendered":"JRK-Aufgaben"},"content":{"rendered":"<p><strong><a href=\"https:\/\/www.jrk-altoetting.de\/wordpress\/wp-content\/uploads\/2015\/05\/IMG_9768-e1447363011311.jpg\"><img loading=\"lazy\" decoding=\"async\" class=\"alignright size-medium wp-image-672\" src=\"https:\/\/www.jrk-altoetting.de\/wordpress\/wp-content\/uploads\/2015\/05\/IMG_9768-274x300.jpg\" alt=\"IMG_9768\" width=\"274\" height=\"300\" \/><\/a>JRK \u2013 was macht man da?<\/strong><\/p>\n<p>In den Jugendgruppen werden innerhalb der Gruppenstunden Erste Hilfe, Rotkreuzwissen und vieles anderes vermittelt. Vorrangiges Ziel des Jugendrotkreuzes ist es, seinen Mitgliedern eine sinnvolle Freizeitbesch\u00e4ftigung zu bieten und sie an die Grunds\u00e4tze des Roten Kreuzes heranzuf\u00fchren. Teamwork steht dabei an erster Stelle.<\/p>\n<p>Basis der Arbeit ist die meist w\u00f6chentlich stattfindende Gruppenstunde, in denen die Mitglieder lernen, gemeinsam Verantwortung zu \u00fcbernehmen sowie selbstst\u00e4ndig Veranstaltungen und Projekte zu planen und umzusetzen.<\/p>\n<p>Neben diesen wichtigsten Schl\u00fcsselkompetenzen, die auch im sp\u00e4teren Berufsleben hilfreich sind, entwickeln die Jugendrotkreuzler ihre Pers\u00f6nlichkeit durch gemeinsame Gruppenerlebnisse weiter.<\/p>\n<p>Selbstverst\u00e4ndlich kommen bei all diesen Dingen Spa\u00df, Freundschaft, \u00a0Abwechslung und ein hoher Erlebniswert nicht zu kurz.<\/p>\n\n\n<p><\/p>\n\n\n\n<figure class=\"wp-block-video\"><video controls src=\"https:\/\/jugendrotkreuz.de\/fileadmin\/user_upload\/Das_JRK-Erscheinungsbild\/JRK-Kurzvideo\/JRK_Kurzvideo_2022_Deutsch.mp4\"><\/video><figcaption>Das Wichtigste \u00fcber das JRK in 2 Minuten<\/figcaption><\/figure>\n","protected":false},"excerpt":{"rendered":"<p>JRK \u2013 was macht man da? In den Jugendgruppen werden innerhalb der Gruppenstunden Erste Hilfe, Rotkreuzwissen und vieles anderes vermittelt. Vorrangiges Ziel des Jugendrotkreuzes ist es, seinen Mitgliedern eine sinnvolle Freizeitbesch\u00e4ftigung zu bieten und sie an die Grunds\u00e4tze des Roten Kreuzes heranzuf\u00fchren. Teamwork steht dabei an erster Stelle. Basis der Arbeit ist die meist w\u00f6chentlich &hellip; <\/p>\n<p class=\"link-more\"><a href=\"https:\/\/www.jrk-altoetting.de\/wordpress\/jugendrotkreuz-altoetting\/jrk-aufgaben\/\" class=\"more-link\"><span class=\"screen-reader-text\">\u201eJRK-Aufgaben\u201c <\/span>weiterlesen<\/a><\/p>\n","protected":false},"author":6,"featured_media":0,"parent":2,"menu_order":2,"comment_status":"closed","ping_status":"closed","template":"","meta":{"ngg_post_thumbnail":0,"footnotes":""},"class_list":["post-18","page","type-page","status-publish","hentry"],"_links":{"self":[{"href":"https:\/\/www.jrk-altoetting.de\/wordpress\/wp-json\/wp\/v2\/pages\/18","targetHints":{"allow":["GET"]}}],"collection":[{"href":"https:\/\/www.jrk-altoetting.de\/wordpress\/wp-json\/wp\/v2\/pages"}],"about":[{"href":"https:\/\/www.jrk-altoetting.de\/wordpress\/wp-json\/wp\/v2\/types\/page"}],"author":[{"embeddable":true,"href":"https:\/\/www.jrk-altoetting.de\/wordpress\/wp-json\/wp\/v2\/users\/6"}],"replies":[{"embeddable":true,"href":"https:\/\/www.jrk-altoetting.de\/wordpress\/wp-json\/wp\/v2\/comments?post=18"}],"version-history":[{"count":7,"href":"https:\/\/www.jrk-altoetting.de\/wordpress\/wp-json\/wp\/v2\/pages\/18\/revisions"}],"predecessor-version":[{"id":2739,"href":"https:\/\/www.jrk-altoetting.de\/wordpress\/wp-json\/wp\/v2\/pages\/18\/revisions\/2739"}],"up":[{"embeddable":true,"href":"https:\/\/www.jrk-altoetting.de\/wordpress\/wp-json\/wp\/v2\/pages\/2"}],"wp:attachment":[{"href":"https:\/\/www.jrk-altoetting.de\/wordpress\/wp-json\/wp\/v2\/media?parent=18"}],"curies":[{"name":"wp","href":"https:\/\/api.w.org\/{rel}","templated":true}]}}